{"id":644,"date":"2019-11-08T13:36:45","date_gmt":"2019-11-08T13:36:45","guid":{"rendered":"https:\/\/agneskovecs.com\/biography\/"},"modified":"2020-01-21T16:59:41","modified_gmt":"2020-01-21T16:59:41","slug":"biografia","status":"publish","type":"page","link":"https:\/\/agneskovecs.com\/hu\/biografia\/","title":{"rendered":"Biogr\u00e1fia"},"content":{"rendered":"<p>[et_pb_section fb_built=&#8221;1&#8243; disabled_on=&#8221;on|on|off&#8221; _builder_version=&#8221;4.0.9&#8243; background_image=&#8221;https:\/\/agneskovecs.com\/wp-content\/uploads\/2019\/11\/biography_2.jpg&#8221; parallax=&#8221;on&#8221; parallax_method=&#8221;off&#8221; custom_margin=&#8221;||||false|false&#8221; custom_padding=&#8221;10px||50px||false|false&#8221;][et_pb_row column_structure=&#8221;3_4,1_4&#8243; _builder_version=&#8221;4.0.6&#8243; width=&#8221;70%&#8221; max_width=&#8221;1945px&#8221; module_alignment=&#8221;left&#8221; custom_padding=&#8221;||0px|100px|false|false&#8221;][et_pb_column type=&#8221;3_4&#8243; _builder_version=&#8221;4.0.6&#8243; background_color=&#8221;rgba(242,242,242,0.7)&#8221; custom_padding=&#8221;||||false|false&#8221;][et_pb_text _builder_version=&#8221;4.0.11&#8243; text_text_color=&#8221;#000000&#8243; header_2_text_color=&#8221;#000000&#8243; header_2_line_height=&#8221;1.8em&#8221; custom_margin=&#8221;||||false|false&#8221; custom_padding=&#8221;20px|20px|20px|20px|false|false&#8221; animation_style=&#8221;fade&#8221; animation_duration=&#8221;2000ms&#8221; hover_enabled=&#8221;0&#8243;]<\/p>\n<h2>Tanulm\u00e1nyok:<\/h2>\n<p>1982-1988 Erkel Ferenc Zeneiskola, Dorog<br \/> Tan\u00e1r: Bal\u00e1zs \u00c9va<\/p>\n<p>1988-1994 Bart\u00f3k B\u00e9la Zenem\u0171v\u00e9szeti Szakk\u00f6z\u00e9piskola \u00e9s Gimn\u00e1zium<br \/> Tan\u00e1r: Eckhardt G\u00e1bor<\/p>\n<p>1994-1999 Liszt Ferenc Zenem\u0171v\u00e9szeti Egyetem Zongoram\u0171v\u00e9sz Szak<br \/> Tan\u00e1r: Baranyay L\u00e1szl\u00f3, Jand\u00f3 Jen\u0151, V\u00e1rjon D\u00e9nes, Rados Ferenc<\/p>\n<p>&nbsp;<\/p>\n<h2>Versenyek:<\/h2>\n<p>1986 Orsz\u00e1gos Kamarazenei Verseny, Tatab\u00e1nya I. d\u00edj<br \/> 1992 B\u00e9k\u00e9s-Tarhos Orsz\u00e1gos Zongoraverseny I. d\u00edj \u00e9s k\u00e9t Chopin k\u00fcl\u00f6nd\u00edj<br \/> 1995 Clara Haskil Nemzetk\u00f6zi Zongoraverseny, Vevey<br \/> 1996 Liszt Ferenc Nemzetk\u00f6zi Zongoraverseny, Budapest<br \/> 1997 Anda G\u00e9za Nemzetk\u00f6zi Zongoraverseny, Z\u00fcrich<br \/> 1999 F\u00f6ldes Andor Zongoraverseny, Budapest III. d\u00edj<br \/> 2000 P\u00f6rtschach Nemzetk\u00f6zi Brahms Zongoraverseny, Clara Schumann d\u00edj<br \/> 2001 Liszt Ferenc Nemzetk\u00f6zi Zongoraverseny, Budapest<\/p>\n<p>&nbsp;<\/p>\n<h2>Mesterkurzusok:<\/h2>\n<p>Schiff Andr\u00e1s, Budapest<br \/>Kocsis Zolt\u00e1n, Budapest<br \/>Seb\u0151k Gy\u00f6rgy, Ernen<\/p>\n<p>&nbsp;<\/p>\n<h2>Munkahelyek:<\/h2>\n<p>2001-2002 Liszt Ferenc Tan\u00e1rk\u00e9pz\u0151 F\u0151iskola, Budapest<\/p>\n<p>2001-2012 Bart\u00f3k B\u00e9la Zenem\u0171v\u00e9szeti Szakk\u00f6z\u00e9piskola \u00e9s Gimn\u00e1zium, Budapest<\/p>\n<p>2015-2020 Musikschule Pfannenstiel Zeneiskola, Sv\u00e1jc<\/p>\n<p>[\/et_pb_text][\/et_pb_column][et_pb_column type=&#8221;1_4&#8243; _builder_version=&#8221;4.0.6&#8243; custom_padding=&#8221;||||false|false&#8221;][\/et_pb_column][\/et_pb_row][\/et_pb_section][et_pb_section fb_built=&#8221;1&#8243; disabled_on=&#8221;off|off|on&#8221; _builder_version=&#8221;4.0.9&#8243; background_image=&#8221;https:\/\/agneskovecs.com\/wp-content\/uploads\/2019\/12\/studies.jpg&#8221; custom_padding=&#8221;100px||100px||true|false&#8221;][et_pb_row _builder_version=&#8221;4.0.9&#8243; background_color=&#8221;rgba(255,255,255,0.76)&#8221;][et_pb_column type=&#8221;4_4&#8243; _builder_version=&#8221;4.0.9&#8243;][et_pb_text _builder_version=&#8221;4.0.11&#8243; header_font_size=&#8221;40px&#8221; custom_margin=&#8221;0px||0px||false|false&#8221; custom_padding=&#8221;0px||0px||false|false&#8221; hover_enabled=&#8221;0&#8243;]<\/p>\n<h1 style=\"text-align: center;\">BIOGR\u00c1FIA<\/h1>\n<p>[\/et_pb_text][\/et_pb_column][\/et_pb_row][\/et_pb_section][et_pb_section fb_built=&#8221;1&#8243; disabled_on=&#8221;off|off|on&#8221; _builder_version=&#8221;4.0.11&#8243; background_color=&#8221;#FADBAF&#8221; background_enable_image=&#8221;off&#8221; parallax=&#8221;on&#8221; parallax_method=&#8221;off&#8221; custom_margin=&#8221;||||false|false&#8221; custom_padding=&#8221;10px||0px||false|false&#8221;][et_pb_row _builder_version=&#8221;4.0.7&#8243; max_width=&#8221;1945px&#8221; module_alignment=&#8221;center&#8221; custom_padding=&#8221;||||false|false&#8221;][et_pb_column type=&#8221;4_4&#8243; _builder_version=&#8221;4.0.7&#8243; background_enable_color=&#8221;off&#8221; custom_padding=&#8221;||||false|false&#8221;][et_pb_text _builder_version=&#8221;4.0.11&#8243; text_text_color=&#8221;#000000&#8243; header_2_text_color=&#8221;#000000&#8243; header_2_line_height=&#8221;1.8em&#8221; custom_margin=&#8221;||||false|false&#8221; custom_padding=&#8221;0px|20px|0px|20px|false|false&#8221; animation_style=&#8221;fade&#8221; animation_duration=&#8221;2000ms&#8221; hover_enabled=&#8221;0&#8243;]<\/p>\n<h2>Tanulm\u00e1nyok:<\/h2>\n<p>1982-1988 Erkel Ferenc Zeneiskola, Dorog<br \/> Tan\u00e1r: Bal\u00e1zs \u00c9va<\/p>\n<p>1988-1994 Bart\u00f3k B\u00e9la Zenem\u0171v\u00e9szeti Szakk\u00f6z\u00e9piskola \u00e9s Gimn\u00e1zium<br \/> Tan\u00e1r: Eckhardt G\u00e1bor<\/p>\n<p>1994-1999 Liszt Ferenc Zenem\u0171v\u00e9szeti Egyetem Zongoram\u0171v\u00e9sz Szak<br \/> Tan\u00e1r: Baranyay L\u00e1szl\u00f3, Jand\u00f3 Jen\u0151, V\u00e1rjon D\u00e9nes, Rados Ferenc<\/p>\n<p>&nbsp;<\/p>\n<h2>Versenyek:<\/h2>\n<p>1986 Orsz\u00e1gos Kamarazenei Verseny, Tatab\u00e1nya I. d\u00edj<br \/> 1992 B\u00e9k\u00e9s-Tarhos Orsz\u00e1gos Zongoraverseny I. d\u00edj \u00e9s k\u00e9t Chopin k\u00fcl\u00f6nd\u00edj<br \/> 1995 Clara Haskil Nemzetk\u00f6zi Zongoraverseny, Vevey<br \/> 1996 Liszt Ferenc Nemzetk\u00f6zi Zongoraverseny, Budapest<br \/> 1997 Anda G\u00e9za Nemzetk\u00f6zi Zongoraverseny, Z\u00fcrich<br \/> 1999 F\u00f6ldes Andor Zongoraverseny, Budapest III. d\u00edj<br \/> 2000 P\u00f6rtschach Nemzetk\u00f6zi Brahms Zongoraverseny, Clara Schumann d\u00edj<br \/> 2001 Liszt Ferenc Nemzetk\u00f6zi Zongoraverseny, Budapest<\/p>\n<p>&nbsp;<\/p>\n<h2>Mesterkurzusok:<\/h2>\n<p>Schiff Andr\u00e1s, Budapest<br \/>Kocsis Zolt\u00e1n, Budapest<br \/>Seb\u0151k Gy\u00f6rgy, Ernen<\/p>\n<p>&nbsp;<\/p>\n<h2>Munkahelyek:<\/h2>\n<p>2001-2002 Liszt Ferenc Tan\u00e1rk\u00e9pz\u0151 F\u0151iskola, Budapest<\/p>\n<p>2001-2012 Bart\u00f3k B\u00e9la Zenem\u0171v\u00e9szeti Szakk\u00f6z\u00e9piskola \u00e9s Gimn\u00e1zium, Budapest<\/p>\n<p>2015-2020 Musikschule Pfannenstiel Zeneiskola, Sv\u00e1jc<\/p>\n<p>[\/et_pb_text][\/et_pb_column][\/et_pb_row][et_pb_row _builder_version=&#8221;4.0.7&#8243; width=&#8221;100%&#8221; max_width=&#8221;1350px&#8221; custom_padding=&#8221;0px||0px|||&#8221;][et_pb_column type=&#8221;4_4&#8243; _builder_version=&#8221;4.0.7&#8243;][et_pb_image src=&#8221;https:\/\/agneskovecs.com\/wp-content\/uploads\/2019\/12\/agnes_kovecs_biography.jpg&#8221; _builder_version=&#8221;4.0.7&#8243;][\/et_pb_image][\/et_pb_column][\/et_pb_row][\/et_pb_section]<\/p>\n","protected":false},"excerpt":{"rendered":"<p>Tanulm\u00e1nyok: 1982-1988 Erkel Ferenc Zeneiskola, Dorog Tan\u00e1r: Bal\u00e1zs \u00c9va 1988-1994 Bart\u00f3k B\u00e9la Zenem\u0171v\u00e9szeti Szakk\u00f6z\u00e9piskola \u00e9s Gimn\u00e1zium Tan\u00e1r: Eckhardt G\u00e1bor 1994-1999 Liszt Ferenc Zenem\u0171v\u00e9szeti Egyetem Zongoram\u0171v\u00e9sz Szak Tan\u00e1r: Baranyay L\u00e1szl\u00f3, Jand\u00f3 Jen\u0151, V\u00e1rjon D\u00e9nes, Rados Ferenc &nbsp; Versenyek: 1986 Orsz\u00e1gos Kamarazenei Verseny, Tatab\u00e1nya I. d\u00edj 1992 B\u00e9k\u00e9s-Tarhos Orsz\u00e1gos Zongoraverseny I. d\u00edj \u00e9s k\u00e9t Chopin k\u00fcl\u00f6nd\u00edj 1995 [&hellip;]<\/p>\n","protected":false},"author":1,"featured_media":0,"parent":0,"menu_order":0,"comment_status":"closed","ping_status":"closed","template":"","meta":{"_et_pb_use_builder":"on","_et_pb_old_content":"<!-- wp:divi\/placeholder \/-->","_et_gb_content_width":"","footnotes":""},"class_list":["post-644","page","type-page","status-publish","hentry"],"yoast_head":"<!-- This site is optimized with the Yoast SEO plugin v19.10 - https:\/\/yoast.com\/wordpress\/plugins\/seo\/ -->\n<title>Biogr\u00e1fia - \u00c1gnes K\u00f6vecs - Official Website<\/title>\n<meta name=\"robots\" content=\"index, follow, max-snippet:-1, max-image-preview:large, max-video-preview:-1\" \/>\n<link rel=\"canonical\" href=\"https:\/\/agneskovecs.com\/hu\/biografia\/\" \/>\n<meta property=\"og:locale\" content=\"hu_HU\" \/>\n<meta property=\"og:type\" content=\"article\" \/>\n<meta property=\"og:title\" content=\"Biogr\u00e1fia - \u00c1gnes K\u00f6vecs - Official Website\" \/>\n<meta property=\"og:description\" content=\"Tanulm\u00e1nyok: 1982-1988 Erkel Ferenc Zeneiskola, Dorog Tan\u00e1r: Bal\u00e1zs \u00c9va 1988-1994 Bart\u00f3k B\u00e9la Zenem\u0171v\u00e9szeti Szakk\u00f6z\u00e9piskola \u00e9s Gimn\u00e1zium Tan\u00e1r: Eckhardt G\u00e1bor 1994-1999 Liszt Ferenc Zenem\u0171v\u00e9szeti Egyetem Zongoram\u0171v\u00e9sz Szak Tan\u00e1r: Baranyay L\u00e1szl\u00f3, Jand\u00f3 Jen\u0151, V\u00e1rjon D\u00e9nes, Rados Ferenc &nbsp; Versenyek: 1986 Orsz\u00e1gos Kamarazenei Verseny, Tatab\u00e1nya I. d\u00edj 1992 B\u00e9k\u00e9s-Tarhos Orsz\u00e1gos Zongoraverseny I. d\u00edj \u00e9s k\u00e9t Chopin k\u00fcl\u00f6nd\u00edj 1995 [&hellip;]\" \/>\n<meta property=\"og:url\" content=\"https:\/\/agneskovecs.com\/hu\/biografia\/\" \/>\n<meta property=\"og:site_name\" content=\"\u00c1gnes K\u00f6vecs - Official Website\" \/>\n<meta property=\"article:modified_time\" content=\"2020-01-21T16:59:41+00:00\" \/>\n<meta name=\"twitter:card\" content=\"summary_large_image\" \/>\n<meta name=\"twitter:label1\" content=\"Becs\u00fclt olvas\u00e1si id\u0151\" \/>\n\t<meta name=\"twitter:data1\" content=\"4 perc\" \/>\n<script type=\"application\/ld+json\" class=\"yoast-schema-graph\">{\"@context\":\"https:\/\/schema.org\",\"@graph\":[{\"@type\":\"WebPage\",\"@id\":\"https:\/\/agneskovecs.com\/hu\/biografia\/\",\"url\":\"https:\/\/agneskovecs.com\/hu\/biografia\/\",\"name\":\"Biogr\u00e1fia - \u00c1gnes K\u00f6vecs - Official Website\",\"isPartOf\":{\"@id\":\"https:\/\/agneskovecs.com\/#website\"},\"datePublished\":\"2019-11-08T13:36:45+00:00\",\"dateModified\":\"2020-01-21T16:59:41+00:00\",\"breadcrumb\":{\"@id\":\"https:\/\/agneskovecs.com\/hu\/biografia\/#breadcrumb\"},\"inLanguage\":\"hu\",\"potentialAction\":[{\"@type\":\"ReadAction\",\"target\":[\"https:\/\/agneskovecs.com\/hu\/biografia\/\"]}]},{\"@type\":\"BreadcrumbList\",\"@id\":\"https:\/\/agneskovecs.com\/hu\/biografia\/#breadcrumb\",\"itemListElement\":[{\"@type\":\"ListItem\",\"position\":1,\"name\":\"Home\",\"item\":\"https:\/\/agneskovecs.com\/hu\/\"},{\"@type\":\"ListItem\",\"position\":2,\"name\":\"Biogr\u00e1fia\"}]},{\"@type\":\"WebSite\",\"@id\":\"https:\/\/agneskovecs.com\/#website\",\"url\":\"https:\/\/agneskovecs.com\/\",\"name\":\"\u00c1gnes K\u00f6vecs - Official Website\",\"description\":\"\u00c1gnes K\u00f6vecs - Pianistin\",\"potentialAction\":[{\"@type\":\"SearchAction\",\"target\":{\"@type\":\"EntryPoint\",\"urlTemplate\":\"https:\/\/agneskovecs.com\/?s={search_term_string}\"},\"query-input\":\"required name=search_term_string\"}],\"inLanguage\":\"hu\"}]}<\/script>\n<!-- \/ Yoast SEO plugin. -->","yoast_head_json":{"title":"Biogr\u00e1fia - \u00c1gnes K\u00f6vecs - Official Website","robots":{"index":"index","follow":"follow","max-snippet":"max-snippet:-1","max-image-preview":"max-image-preview:large","max-video-preview":"max-video-preview:-1"},"canonical":"https:\/\/agneskovecs.com\/hu\/biografia\/","og_locale":"hu_HU","og_type":"article","og_title":"Biogr\u00e1fia - \u00c1gnes K\u00f6vecs - Official Website","og_description":"Tanulm\u00e1nyok: 1982-1988 Erkel Ferenc Zeneiskola, Dorog Tan\u00e1r: Bal\u00e1zs \u00c9va 1988-1994 Bart\u00f3k B\u00e9la Zenem\u0171v\u00e9szeti Szakk\u00f6z\u00e9piskola \u00e9s Gimn\u00e1zium Tan\u00e1r: Eckhardt G\u00e1bor 1994-1999 Liszt Ferenc Zenem\u0171v\u00e9szeti Egyetem Zongoram\u0171v\u00e9sz Szak Tan\u00e1r: Baranyay L\u00e1szl\u00f3, Jand\u00f3 Jen\u0151, V\u00e1rjon D\u00e9nes, Rados Ferenc &nbsp; Versenyek: 1986 Orsz\u00e1gos Kamarazenei Verseny, Tatab\u00e1nya I. d\u00edj 1992 B\u00e9k\u00e9s-Tarhos Orsz\u00e1gos Zongoraverseny I. d\u00edj \u00e9s k\u00e9t Chopin k\u00fcl\u00f6nd\u00edj 1995 [&hellip;]","og_url":"https:\/\/agneskovecs.com\/hu\/biografia\/","og_site_name":"\u00c1gnes K\u00f6vecs - Official Website","article_modified_time":"2020-01-21T16:59:41+00:00","twitter_card":"summary_large_image","twitter_misc":{"Becs\u00fclt olvas\u00e1si id\u0151":"4 perc"},"schema":{"@context":"https:\/\/schema.org","@graph":[{"@type":"WebPage","@id":"https:\/\/agneskovecs.com\/hu\/biografia\/","url":"https:\/\/agneskovecs.com\/hu\/biografia\/","name":"Biogr\u00e1fia - \u00c1gnes K\u00f6vecs - Official Website","isPartOf":{"@id":"https:\/\/agneskovecs.com\/#website"},"datePublished":"2019-11-08T13:36:45+00:00","dateModified":"2020-01-21T16:59:41+00:00","breadcrumb":{"@id":"https:\/\/agneskovecs.com\/hu\/biografia\/#breadcrumb"},"inLanguage":"hu","potentialAction":[{"@type":"ReadAction","target":["https:\/\/agneskovecs.com\/hu\/biografia\/"]}]},{"@type":"BreadcrumbList","@id":"https:\/\/agneskovecs.com\/hu\/biografia\/#breadcrumb","itemListElement":[{"@type":"ListItem","position":1,"name":"Home","item":"https:\/\/agneskovecs.com\/hu\/"},{"@type":"ListItem","position":2,"name":"Biogr\u00e1fia"}]},{"@type":"WebSite","@id":"https:\/\/agneskovecs.com\/#website","url":"https:\/\/agneskovecs.com\/","name":"\u00c1gnes K\u00f6vecs - Official Website","description":"\u00c1gnes K\u00f6vecs - Pianistin","potentialAction":[{"@type":"SearchAction","target":{"@type":"EntryPoint","urlTemplate":"https:\/\/agneskovecs.com\/?s={search_term_string}"},"query-input":"required name=search_term_string"}],"inLanguage":"hu"}]}},"_links":{"self":[{"href":"https:\/\/agneskovecs.com\/hu\/wp-json\/wp\/v2\/pages\/644","targetHints":{"allow":["GET"]}}],"collection":[{"href":"https:\/\/agneskovecs.com\/hu\/wp-json\/wp\/v2\/pages"}],"about":[{"href":"https:\/\/agneskovecs.com\/hu\/wp-json\/wp\/v2\/types\/page"}],"author":[{"embeddable":true,"href":"https:\/\/agneskovecs.com\/hu\/wp-json\/wp\/v2\/users\/1"}],"replies":[{"embeddable":true,"href":"https:\/\/agneskovecs.com\/hu\/wp-json\/wp\/v2\/comments?post=644"}],"version-history":[{"count":0,"href":"https:\/\/agneskovecs.com\/hu\/wp-json\/wp\/v2\/pages\/644\/revisions"}],"wp:attachment":[{"href":"https:\/\/agneskovecs.com\/hu\/wp-json\/wp\/v2\/media?parent=644"}],"curies":[{"name":"wp","href":"https:\/\/api.w.org\/{rel}","templated":true}]}}