{"id":635,"date":"2019-11-08T13:37:02","date_gmt":"2019-11-08T13:37:02","guid":{"rendered":"https:\/\/agneskovecs.com\/media\/"},"modified":"2022-11-27T19:41:45","modified_gmt":"2022-11-27T19:41:45","slug":"media","status":"publish","type":"page","link":"https:\/\/agneskovecs.com\/hu\/media\/","title":{"rendered":"M\u00e9dia"},"content":{"rendered":"<p>[et_pb_section fb_built=&#8221;1&#8243; _builder_version=&#8221;4.16&#8243; background_color=&#8221;#FADBAF&#8221; global_colors_info=&#8221;{}&#8221;][et_pb_row _builder_version=&#8221;4.16&#8243; custom_padding=&#8221;0px||50px||false|false&#8221; global_colors_info=&#8221;{}&#8221;][et_pb_column type=&#8221;4_4&#8243; _builder_version=&#8221;4.16&#8243; global_colors_info=&#8221;{}&#8221;][et_pb_text _builder_version=&#8221;4.16&#8243; header_font_size=&#8221;35px&#8221; global_colors_info=&#8221;{}&#8221;]<\/p>\n<h1 style=\"text-align: center;\">M\u00c9DIA<\/h1>\n<p>[\/et_pb_text][\/et_pb_column][\/et_pb_row][et_pb_row column_structure=&#8221;1_2,1_2&#8243; _builder_version=&#8221;4.16&#8243; custom_padding=&#8221;0px||25px||false|false&#8221; global_colors_info=&#8221;{}&#8221;][et_pb_column type=&#8221;1_2&#8243; _builder_version=&#8221;4.16&#8243; animation_style=&#8221;slide&#8221; animation_direction=&#8221;left&#8221; global_colors_info=&#8221;{}&#8221;][et_pb_text _builder_version=&#8221;4.19.1&#8243; hover_enabled=&#8221;0&#8243; global_colors_info=&#8221;{}&#8221; sticky_enabled=&#8221;0&#8243;]<\/p>\n<p style=\"text-align: center;\">\n<p style=\"text-align: center;\">F. Liszt: Funerailles &amp; J.S. Bach: Sinfonie in F-minor<\/p>\n<p><iframe loading=\"lazy\" title=\"F. Liszt: Funerailles &amp; J.S. Bach: Sinfonie in F-minor (BWV 795)\" width=\"1080\" height=\"608\" src=\"https:\/\/www.youtube.com\/embed\/YfbGFeRr2os?feature=oembed\"  allow=\"accelerometer; autoplay; clipboard-write; encrypted-media; gyroscope; picture-in-picture\" allowfullscreen><\/iframe><\/p>\n<p>[\/et_pb_text][\/et_pb_column][et_pb_column type=&#8221;1_2&#8243; _builder_version=&#8221;4.16&#8243; animation_style=&#8221;slide&#8221; animation_direction=&#8221;right&#8221; global_colors_info=&#8221;{}&#8221;][et_pb_text _builder_version=&#8221;4.19.1&#8243; min_height=&#8221;185px&#8221; custom_margin=&#8221;||-114px|||&#8221; custom_padding=&#8221;||0px|||&#8221; hover_enabled=&#8221;0&#8243; global_colors_info=&#8221;{}&#8221; sticky_enabled=&#8221;0&#8243;]<\/p>\n<p class=\"title style-scope ytd-video-primary-info-renderer\" style=\"text-align: center;\">\n<p style=\"text-align: center;\">F. Chopin: Nocturne in C sharp minor op.posth.<\/p>\n<p><iframe loading=\"lazy\" title=\"F. Chopin: Nocturne in C sharp minor op.posth.\" width=\"1080\" height=\"608\" src=\"https:\/\/www.youtube.com\/embed\/uSpHgQc_ogo?feature=oembed\"  allow=\"accelerometer; autoplay; clipboard-write; encrypted-media; gyroscope; picture-in-picture\" allowfullscreen><\/iframe><\/p>\n<p>[\/et_pb_text][et_pb_text _builder_version=&#8221;4.16&#8243; locked=&#8221;off&#8221; global_colors_info=&#8221;{}&#8221;]<\/p>\n<p>&nbsp;<\/p>\n<div id=\"info\" class=\"style-scope ytd-video-primary-info-renderer\"><\/div>\n<p>[\/et_pb_text][\/et_pb_column][\/et_pb_row][et_pb_row column_structure=&#8221;1_2,1_2&#8243; _builder_version=&#8221;4.16&#8243; custom_padding=&#8221;0px||25px||false|false&#8221; global_colors_info=&#8221;{}&#8221;][et_pb_column type=&#8221;1_2&#8243; _builder_version=&#8221;4.16&#8243; animation_style=&#8221;slide&#8221; animation_direction=&#8221;left&#8221; global_colors_info=&#8221;{}&#8221;][et_pb_text _builder_version=&#8221;4.19.1&#8243; hover_enabled=&#8221;0&#8243; global_colors_info=&#8221;{}&#8221; sticky_enabled=&#8221;0&#8243;]<\/p>\n<p style=\"text-align: center;\">\n<p style=\"text-align: center;\">F. Chopin: Nocturne no.19 in E minor op.posth 72\/1<\/p>\n<p><iframe loading=\"lazy\" title=\"F. Chopin: Nocturne no.19 in E minor op.posth 72\/1\" width=\"1080\" height=\"608\" src=\"https:\/\/www.youtube.com\/embed\/mayAZcf0MO8?feature=oembed\"  allow=\"accelerometer; autoplay; clipboard-write; encrypted-media; gyroscope; picture-in-picture\" allowfullscreen><\/iframe><\/p>\n<p>[\/et_pb_text][\/et_pb_column][et_pb_column type=&#8221;1_2&#8243; _builder_version=&#8221;4.16&#8243; animation_style=&#8221;slide&#8221; animation_direction=&#8221;right&#8221; global_colors_info=&#8221;{}&#8221;][et_pb_text _builder_version=&#8221;4.19.1&#8243; min_height=&#8221;185px&#8221; custom_margin=&#8221;||-114px|||&#8221; custom_padding=&#8221;||0px|||&#8221; hover_enabled=&#8221;0&#8243; global_colors_info=&#8221;{}&#8221; sticky_enabled=&#8221;0&#8243;]<\/p>\n<p class=\"title style-scope ytd-video-primary-info-renderer\" style=\"text-align: center;\">\n<p style=\"text-align: center;\">F. Chopin: \u00c9tude op.10 nr.12 in C minor &#8222;Revolutionary&#8221;<\/p>\n<p><iframe loading=\"lazy\" title=\"F. Chopin: \u00c9tude op.10 nr.12 in C minor &quot;Revolutionary&quot;\" width=\"1080\" height=\"608\" src=\"https:\/\/www.youtube.com\/embed\/AOyHOdC-9iU?feature=oembed\"  allow=\"accelerometer; autoplay; clipboard-write; encrypted-media; gyroscope; picture-in-picture\" allowfullscreen><\/iframe><\/p>\n<p>[\/et_pb_text][et_pb_text _builder_version=&#8221;4.16&#8243; locked=&#8221;off&#8221; global_colors_info=&#8221;{}&#8221;]<\/p>\n<p>&nbsp;<\/p>\n<div id=\"info\" class=\"style-scope ytd-video-primary-info-renderer\"><\/div>\n<p>[\/et_pb_text][\/et_pb_column][\/et_pb_row][et_pb_row column_structure=&#8221;1_2,1_2&#8243; _builder_version=&#8221;4.16&#8243; custom_padding=&#8221;0px||25px||false|false&#8221; global_colors_info=&#8221;{}&#8221;][et_pb_column type=&#8221;1_2&#8243; _builder_version=&#8221;4.16&#8243; animation_style=&#8221;slide&#8221; animation_direction=&#8221;left&#8221; global_colors_info=&#8221;{}&#8221;][et_pb_text _builder_version=&#8221;4.18.0&#8243; global_colors_info=&#8221;{}&#8221;]<\/p>\n<p style=\"text-align: center;\">\n<p style=\"text-align: center;\">F. Liszt: Fun\u00e9railles (1849 October)<\/p>\n<p><iframe loading=\"lazy\" title=\"F. Liszt: Fun\u00e9railles (1849 October)\" width=\"1080\" height=\"608\" src=\"https:\/\/www.youtube.com\/embed\/kZfFbc72EXk?feature=oembed\"  allow=\"accelerometer; autoplay; clipboard-write; encrypted-media; gyroscope; picture-in-picture\" allowfullscreen><\/iframe><\/p>\n<p><span style=\"font-size: 18px; background-color: #fadbaf;\"><\/span><span style=\"font-size: 18px;\">\u00a0<\/span><\/p>\n<p><span style=\"background-color: #fadbaf; font-size: 18px;\"><\/span><\/p>\n<p><span style=\"background-color: #fadbaf; font-size: 18px;\"><\/span><\/p>\n<p><span style=\"background-color: #fadbaf; font-size: 18px;\"><\/span><\/p>\n<p><span style=\"background-color: #fadbaf; font-size: 18px;\"><\/span><\/p>\n<div id=\"info\" class=\"style-scope ytd-video-primary-info-renderer\"><\/div>\n<p>[\/et_pb_text][\/et_pb_column][et_pb_column type=&#8221;1_2&#8243; _builder_version=&#8221;4.16&#8243; animation_style=&#8221;slide&#8221; animation_direction=&#8221;right&#8221; global_colors_info=&#8221;{}&#8221;][et_pb_text _builder_version=&#8221;4.18.0&#8243; min_height=&#8221;185px&#8221; custom_margin=&#8221;||-114px|||&#8221; custom_padding=&#8221;||0px|||&#8221; global_colors_info=&#8221;{}&#8221;]<\/p>\n<p class=\"title style-scope ytd-video-primary-info-renderer\" style=\"text-align: center;\">F. Chopin: \u00c9tude op.10 nr.12 in C minor &#8222;Revolutionary&#8221;<\/p>\n<p><iframe loading=\"lazy\" title=\"F. Chopin: \u00c9tude op.10 nr.12 in C minor &quot;Revolutionary&quot;\" width=\"1080\" height=\"608\" src=\"https:\/\/www.youtube.com\/embed\/RtboQtRHYnU?feature=oembed\"  allow=\"accelerometer; autoplay; clipboard-write; encrypted-media; gyroscope; picture-in-picture\" allowfullscreen><\/iframe><\/p>\n<p>[\/et_pb_text][et_pb_text _builder_version=&#8221;4.16&#8243; locked=&#8221;off&#8221; global_colors_info=&#8221;{}&#8221;]<\/p>\n<p>&nbsp;<\/p>\n<div id=\"info\" class=\"style-scope ytd-video-primary-info-renderer\"><\/div>\n<p>[\/et_pb_text][\/et_pb_column][\/et_pb_row][et_pb_row column_structure=&#8221;1_2,1_2&#8243; _builder_version=&#8221;4.16&#8243; custom_padding=&#8221;0px||25px||false|false&#8221; global_colors_info=&#8221;{}&#8221;][et_pb_column type=&#8221;1_2&#8243; _builder_version=&#8221;4.16&#8243; animation_style=&#8221;slide&#8221; animation_direction=&#8221;left&#8221; global_colors_info=&#8221;{}&#8221;][et_pb_text _builder_version=&#8221;4.18.0&#8243; global_colors_info=&#8221;{}&#8221;]<\/p>\n<p style=\"text-align: center;\">F.Chopin: 24 Pr\u00e9ludes op.28<\/p>\n<p><iframe loading=\"lazy\" title=\"Chopin 24 Pr\u00e9ludes op.28  Piano: \u00c1gnes K\u00f6vecs\" width=\"1080\" height=\"608\" src=\"https:\/\/www.youtube.com\/embed\/FYllWi_Z1eQ?feature=oembed\" frameborder=\"0\" allow=\"accelerometer; autoplay; encrypted-media; gyroscope; picture-in-picture\" allowfullscreen><\/iframe><\/p>\n<p><span style=\"font-size: 18px; background-color: #fadbaf;\"><\/span><span style=\"font-size: 18px;\">\u00a0<\/span><\/p>\n<p><span style=\"background-color: #fadbaf; font-size: 18px;\"><\/span><\/p>\n<p><span style=\"background-color: #fadbaf; font-size: 18px;\"><\/span><\/p>\n<p><span style=\"background-color: #fadbaf; font-size: 18px;\"><\/span><\/p>\n<p><span style=\"background-color: #fadbaf; font-size: 18px;\"><\/span><\/p>\n<div id=\"info\" class=\"style-scope ytd-video-primary-info-renderer\"><\/div>\n<p>[\/et_pb_text][\/et_pb_column][et_pb_column type=&#8221;1_2&#8243; _builder_version=&#8221;4.16&#8243; animation_style=&#8221;slide&#8221; animation_direction=&#8221;right&#8221; global_colors_info=&#8221;{}&#8221;][et_pb_text _builder_version=&#8221;4.16&#8243; min_height=&#8221;185px&#8221; custom_margin=&#8221;||-114px|||&#8221; custom_padding=&#8221;||0px|||&#8221; global_colors_info=&#8221;{}&#8221;]<\/p>\n<p class=\"title style-scope ytd-video-primary-info-renderer\" style=\"text-align: center;\">\u00c1gnes K\u00f6vecs plays Strauss-Cziffra: Tritsch-tratsch Polka<\/p>\n<p>&nbsp;<\/p>\n<p>&nbsp;<\/p>\n<div id=\"info\" class=\"style-scope ytd-video-primary-info-renderer\"><\/div>\n<p>[\/et_pb_text][et_pb_video src=&#8221;http:\/\/www.youtube.com\/watch?v=6Ub1F3rHosY&#8221; _builder_version=&#8221;4.16&#8243; global_colors_info=&#8221;{}&#8221;][\/et_pb_video][et_pb_text _builder_version=&#8221;4.16&#8243; locked=&#8221;off&#8221; global_colors_info=&#8221;{}&#8221;]<\/p>\n<p>&nbsp;<\/p>\n<div id=\"info\" class=\"style-scope ytd-video-primary-info-renderer\"><\/div>\n<p>[\/et_pb_text][\/et_pb_column][\/et_pb_row][et_pb_row column_structure=&#8221;1_2,1_2&#8243; _builder_version=&#8221;4.16&#8243; custom_padding=&#8221;25px||25px||false|false&#8221; global_colors_info=&#8221;{}&#8221;][et_pb_column type=&#8221;1_2&#8243; _builder_version=&#8221;4.16&#8243; animation_style=&#8221;slide&#8221; animation_direction=&#8221;left&#8221; global_colors_info=&#8221;{}&#8221;][et_pb_text _builder_version=&#8221;4.16&#8243; global_colors_info=&#8221;{}&#8221;]<\/p>\n<p class=\"title style-scope ytd-video-primary-info-renderer\" style=\"text-align: center;\">\n<p style=\"text-align: center;\">F. Vecsey-G. Cziffra: La Valse Triste transcription Piano: \u00c1gnes K\u00f6vecs<\/p>\n<p><iframe loading=\"lazy\" title=\"F. Vecsey-G. Cziffra: La Valse Triste transcription Piano: \u00c1gnes K\u00f6vecs\" width=\"1080\" height=\"608\" src=\"https:\/\/www.youtube.com\/embed\/LzpReExB6uc?feature=oembed\" frameborder=\"0\" allow=\"accelerometer; autoplay; encrypted-media; gyroscope; picture-in-picture\" allowfullscreen><\/iframe><\/p>\n<div id=\"info\" class=\"style-scope ytd-video-primary-info-renderer\"><\/div>\n<p>[\/et_pb_text][\/et_pb_column][et_pb_column type=&#8221;1_2&#8243; _builder_version=&#8221;4.16&#8243; animation_style=&#8221;slide&#8221; animation_direction=&#8221;right&#8221; global_colors_info=&#8221;{}&#8221;][et_pb_text _builder_version=&#8221;4.16&#8243; global_colors_info=&#8221;{}&#8221;]<\/p>\n<p class=\"title style-scope ytd-video-primary-info-renderer\" style=\"text-align: center;\">\n<p style=\"text-align: center;\">\u00c1gnes K\u00f6vecs plays Schubert Impromptu No 3 in G Flat Major Op 90<\/p>\n<p><iframe loading=\"lazy\" title=\"\u00c1gnes K\u00f6vecs plays Schubert Impromptu No  3 in G Flat Major Op 90\" width=\"1080\" height=\"608\" src=\"https:\/\/www.youtube.com\/embed\/NkePpOL8nsM?feature=oembed\" frameborder=\"0\" allow=\"accelerometer; autoplay; encrypted-media; gyroscope; picture-in-picture\" allowfullscreen><\/iframe><\/p>\n<div id=\"info\" class=\"style-scope ytd-video-primary-info-renderer\"><\/div>\n<p>[\/et_pb_text][\/et_pb_column][\/et_pb_row][et_pb_row column_structure=&#8221;1_2,1_2&#8243; _builder_version=&#8221;4.16&#8243; custom_padding=&#8221;25px||25px||false|false&#8221; global_colors_info=&#8221;{}&#8221;][et_pb_column type=&#8221;1_2&#8243; _builder_version=&#8221;4.16&#8243; animation_style=&#8221;slide&#8221; animation_direction=&#8221;left&#8221; global_colors_info=&#8221;{}&#8221;][et_pb_text _builder_version=&#8221;4.16&#8243; global_colors_info=&#8221;{}&#8221;]<\/p>\n<p class=\"title style-scope ytd-video-primary-info-renderer\" style=\"text-align: center;\">\n<p style=\"text-align: center;\">\n<p style=\"text-align: center;\">F. Liszt: Transcendental Etude f minor No. 10 Piano: \u00c1gnes K\u00f6vecs<\/p>\n<p><iframe loading=\"lazy\" title=\"F. Liszt: Transcendental Etude f minor No. 10 Piano: \u00c1gnes K\u00f6vecs\" width=\"1080\" height=\"608\" src=\"https:\/\/www.youtube.com\/embed\/8GxidzS62mk?feature=oembed\" frameborder=\"0\" allow=\"accelerometer; autoplay; encrypted-media; gyroscope; picture-in-picture\" allowfullscreen><\/iframe><\/p>\n<div id=\"info\" class=\"style-scope ytd-video-primary-info-renderer\"><\/div>\n<p>[\/et_pb_text][\/et_pb_column][et_pb_column type=&#8221;1_2&#8243; _builder_version=&#8221;4.16&#8243; animation_style=&#8221;slide&#8221; animation_direction=&#8221;right&#8221; global_colors_info=&#8221;{}&#8221;][et_pb_text _builder_version=&#8221;4.16&#8243; global_colors_info=&#8221;{}&#8221;]<\/p>\n<p class=\"title style-scope ytd-video-primary-info-renderer\" style=\"text-align: center;\">\n<p style=\"text-align: center;\">\n<p style=\"text-align: center;\">F. Chopin: Etude in A minor Op. 25 No. 11 Piano: \u00c1gnes K\u00f6vecs<\/p>\n<p><iframe loading=\"lazy\" title=\"F. Chopin: Etude in A minor Op. 25 No. 11 Piano: \u00c1gnes K\u00f6vecs\" width=\"1080\" height=\"810\" src=\"https:\/\/www.youtube.com\/embed\/vbl7IIDSlE0?feature=oembed\" frameborder=\"0\" allow=\"accelerometer; autoplay; encrypted-media; gyroscope; picture-in-picture\" allowfullscreen><\/iframe><\/p>\n<p>&nbsp;<\/p>\n<div id=\"info\" class=\"style-scope ytd-video-primary-info-renderer\"><\/div>\n<p>[\/et_pb_text][\/et_pb_column][\/et_pb_row][et_pb_row column_structure=&#8221;1_2,1_2&#8243; _builder_version=&#8221;4.16&#8243; custom_padding=&#8221;25px||0px||false|false&#8221; global_colors_info=&#8221;{}&#8221;][et_pb_column type=&#8221;1_2&#8243; _builder_version=&#8221;4.16&#8243; animation_style=&#8221;slide&#8221; animation_direction=&#8221;left&#8221; global_colors_info=&#8221;{}&#8221;][et_pb_text _builder_version=&#8221;4.16&#8243; global_colors_info=&#8221;{}&#8221;]<\/p>\n<p style=\"text-align: center;\">J. Strauss &#8211; Gy. Cziffra: Tritsch-tratsch Polka Piano: \u00c1gnes K\u00f6vecs<\/p>\n<p><iframe loading=\"lazy\" title=\"J. Strauss - Gy. Cziffra: Tritsch-tratsch Polka Piano: \u00c1gnes K\u00f6vecs\" width=\"1080\" height=\"608\" src=\"https:\/\/www.youtube.com\/embed\/4h47u8E6EIs?feature=oembed\" frameborder=\"0\" allow=\"accelerometer; autoplay; encrypted-media; gyroscope; picture-in-picture\" allowfullscreen><\/iframe><\/p>\n<p>[\/et_pb_text][\/et_pb_column][et_pb_column type=&#8221;1_2&#8243; _builder_version=&#8221;4.16&#8243; animation_style=&#8221;slide&#8221; animation_direction=&#8221;right&#8221; global_colors_info=&#8221;{}&#8221;][et_pb_text _builder_version=&#8221;4.16&#8243; global_colors_info=&#8221;{}&#8221;]<\/p>\n<p style=\"text-align: center;\">L.van Beethoven: Pathetique Sonata No. 8 Op. 13 Piano: \u00c1gnes K\u00f6vecs<\/p>\n<p><iframe loading=\"lazy\" title=\"L.van Beethoven: Pathetique Sonata No. 8 Op. 13 Piano: \u00c1gnes K\u00f6vecs\" width=\"1080\" height=\"608\" src=\"https:\/\/www.youtube.com\/embed\/e1ItU7hSbT8?feature=oembed\" frameborder=\"0\" allow=\"accelerometer; autoplay; encrypted-media; gyroscope; picture-in-picture\" allowfullscreen><\/iframe><\/p>\n<p>&nbsp;<\/p>\n<p>[\/et_pb_text][\/et_pb_column][\/et_pb_row][et_pb_row column_structure=&#8221;1_2,1_2&#8243; _builder_version=&#8221;4.16&#8243; custom_padding=&#8221;0px||25px||false|false&#8221; global_colors_info=&#8221;{}&#8221;][et_pb_column type=&#8221;1_2&#8243; _builder_version=&#8221;4.16&#8243; animation_style=&#8221;slide&#8221; animation_direction=&#8221;left&#8221; global_colors_info=&#8221;{}&#8221;][et_pb_text _builder_version=&#8221;4.16&#8243; global_colors_info=&#8221;{}&#8221;]<\/p>\n<p class=\"title style-scope ytd-video-primary-info-renderer\" style=\"text-align: center;\"><yt-formatted-string force-default-style=\"\" class=\"style-scope ytd-video-primary-info-renderer\">J.S.Bach: Das Wohltemperierte Klavier II. gis-moll BWV 887<\/yt-formatted-string><\/p>\n<p><iframe loading=\"lazy\" title=\"J.S.Bach: Das Wohltemperierte Klavier II. gis-moll BWV 887\" width=\"1080\" height=\"608\" src=\"https:\/\/www.youtube.com\/embed\/SQ61Bq0Ndz0?feature=oembed\" frameborder=\"0\" allow=\"accelerometer; autoplay; encrypted-media; gyroscope; picture-in-picture\" allowfullscreen><\/iframe><\/p>\n<div id=\"info\" class=\"style-scope ytd-video-primary-info-renderer\"><\/div>\n<p>[\/et_pb_text][\/et_pb_column][et_pb_column type=&#8221;1_2&#8243; _builder_version=&#8221;4.16&#8243; animation_style=&#8221;slide&#8221; animation_direction=&#8221;right&#8221; global_colors_info=&#8221;{}&#8221;][et_pb_text _builder_version=&#8221;4.16&#8243; locked=&#8221;off&#8221; global_colors_info=&#8221;{}&#8221;]<\/p>\n<p>&nbsp;<\/p>\n<div id=\"info\" class=\"style-scope ytd-video-primary-info-renderer\"><\/div>\n<p>[\/et_pb_text][\/et_pb_column][\/et_pb_row][\/et_pb_section]<\/p>\n","protected":false},"excerpt":{"rendered":"<p>M\u00c9DIA F. Liszt: Funerailles &amp; J.S. Bach: Sinfonie in F-minor https:\/\/www.youtube.com\/watch?v=YfbGFeRr2os F. Chopin: Nocturne in C sharp minor op.posth. https:\/\/www.youtube.com\/watch?v=uSpHgQc_ogo&nbsp; F. Chopin: Nocturne no.19 in E minor op.posth 72\/1 https:\/\/www.youtube.com\/watch?v=mayAZcf0MO8 F. Chopin: \u00c9tude op.10 nr.12 in C minor &#8222;Revolutionary&#8221; https:\/\/www.youtube.com\/watch?v=AOyHOdC-9iU&nbsp; F. Liszt: Fun\u00e9railles (1849 October) https:\/\/www.youtube.com\/watch?v=kZfFbc72EXk \u00a0 F. Chopin: \u00c9tude op.10 nr.12 in C minor [&hellip;]<\/p>\n","protected":false},"author":1,"featured_media":0,"parent":0,"menu_order":0,"comment_status":"closed","ping_status":"closed","template":"","meta":{"_et_pb_use_builder":"on","_et_pb_old_content":"<!-- wp:divi\/placeholder \/-->","_et_gb_content_width":"","footnotes":""},"class_list":["post-635","page","type-page","status-publish","hentry"],"yoast_head":"<!-- This site is optimized with the Yoast SEO plugin v19.10 - https:\/\/yoast.com\/wordpress\/plugins\/seo\/ -->\n<title>M\u00e9dia - \u00c1gnes K\u00f6vecs - Official Website<\/title>\n<meta name=\"robots\" content=\"index, follow, max-snippet:-1, max-image-preview:large, max-video-preview:-1\" \/>\n<link rel=\"canonical\" href=\"https:\/\/agneskovecs.com\/media\/\" \/>\n<meta property=\"og:locale\" content=\"hu_HU\" \/>\n<meta property=\"og:type\" content=\"article\" \/>\n<meta property=\"og:title\" content=\"M\u00e9dia - \u00c1gnes K\u00f6vecs - Official Website\" \/>\n<meta property=\"og:description\" content=\"M\u00c9DIA F. Liszt: Funerailles &amp; J.S. Bach: Sinfonie in F-minor https:\/\/www.youtube.com\/watch?v=YfbGFeRr2os F. Chopin: Nocturne in C sharp minor op.posth. https:\/\/www.youtube.com\/watch?v=uSpHgQc_ogo&nbsp; F. Chopin: Nocturne no.19 in E minor op.posth 72\/1 https:\/\/www.youtube.com\/watch?v=mayAZcf0MO8 F. Chopin: \u00c9tude op.10 nr.12 in C minor &quot;Revolutionary&quot; https:\/\/www.youtube.com\/watch?v=AOyHOdC-9iU&nbsp; F. Liszt: Fun\u00e9railles (1849 October) https:\/\/www.youtube.com\/watch?v=kZfFbc72EXk \u00a0 F. Chopin: \u00c9tude op.10 nr.12 in C minor [&hellip;]\" \/>\n<meta property=\"og:url\" content=\"https:\/\/agneskovecs.com\/media\/\" \/>\n<meta property=\"og:site_name\" content=\"\u00c1gnes K\u00f6vecs - Official Website\" \/>\n<meta property=\"article:modified_time\" content=\"2022-11-27T19:41:45+00:00\" \/>\n<meta name=\"twitter:card\" content=\"summary_large_image\" \/>\n<meta name=\"twitter:label1\" content=\"Becs\u00fclt olvas\u00e1si id\u0151\" \/>\n\t<meta name=\"twitter:data1\" content=\"5 perc\" \/>\n<script type=\"application\/ld+json\" class=\"yoast-schema-graph\">{\"@context\":\"https:\/\/schema.org\",\"@graph\":[{\"@type\":\"WebPage\",\"@id\":\"https:\/\/agneskovecs.com\/media\/\",\"url\":\"https:\/\/agneskovecs.com\/media\/\",\"name\":\"M\u00e9dia - \u00c1gnes K\u00f6vecs - Official Website\",\"isPartOf\":{\"@id\":\"https:\/\/agneskovecs.com\/#website\"},\"datePublished\":\"2019-11-08T13:37:02+00:00\",\"dateModified\":\"2022-11-27T19:41:45+00:00\",\"breadcrumb\":{\"@id\":\"https:\/\/agneskovecs.com\/media\/#breadcrumb\"},\"inLanguage\":\"hu\",\"potentialAction\":[{\"@type\":\"ReadAction\",\"target\":[\"https:\/\/agneskovecs.com\/media\/\"]}]},{\"@type\":\"BreadcrumbList\",\"@id\":\"https:\/\/agneskovecs.com\/media\/#breadcrumb\",\"itemListElement\":[{\"@type\":\"ListItem\",\"position\":1,\"name\":\"Home\",\"item\":\"https:\/\/agneskovecs.com\/hu\/\"},{\"@type\":\"ListItem\",\"position\":2,\"name\":\"M\u00e9dia\"}]},{\"@type\":\"WebSite\",\"@id\":\"https:\/\/agneskovecs.com\/#website\",\"url\":\"https:\/\/agneskovecs.com\/\",\"name\":\"\u00c1gnes K\u00f6vecs - Official Website\",\"description\":\"\u00c1gnes K\u00f6vecs - Pianistin\",\"potentialAction\":[{\"@type\":\"SearchAction\",\"target\":{\"@type\":\"EntryPoint\",\"urlTemplate\":\"https:\/\/agneskovecs.com\/?s={search_term_string}\"},\"query-input\":\"required name=search_term_string\"}],\"inLanguage\":\"hu\"}]}<\/script>\n<!-- \/ Yoast SEO plugin. -->","yoast_head_json":{"title":"M\u00e9dia - \u00c1gnes K\u00f6vecs - Official Website","robots":{"index":"index","follow":"follow","max-snippet":"max-snippet:-1","max-image-preview":"max-image-preview:large","max-video-preview":"max-video-preview:-1"},"canonical":"https:\/\/agneskovecs.com\/media\/","og_locale":"hu_HU","og_type":"article","og_title":"M\u00e9dia - \u00c1gnes K\u00f6vecs - Official Website","og_description":"M\u00c9DIA F. Liszt: Funerailles &amp; J.S. Bach: Sinfonie in F-minor https:\/\/www.youtube.com\/watch?v=YfbGFeRr2os F. Chopin: Nocturne in C sharp minor op.posth. https:\/\/www.youtube.com\/watch?v=uSpHgQc_ogo&nbsp; F. Chopin: Nocturne no.19 in E minor op.posth 72\/1 https:\/\/www.youtube.com\/watch?v=mayAZcf0MO8 F. Chopin: \u00c9tude op.10 nr.12 in C minor \"Revolutionary\" https:\/\/www.youtube.com\/watch?v=AOyHOdC-9iU&nbsp; F. Liszt: Fun\u00e9railles (1849 October) https:\/\/www.youtube.com\/watch?v=kZfFbc72EXk \u00a0 F. Chopin: \u00c9tude op.10 nr.12 in C minor [&hellip;]","og_url":"https:\/\/agneskovecs.com\/media\/","og_site_name":"\u00c1gnes K\u00f6vecs - Official Website","article_modified_time":"2022-11-27T19:41:45+00:00","twitter_card":"summary_large_image","twitter_misc":{"Becs\u00fclt olvas\u00e1si id\u0151":"5 perc"},"schema":{"@context":"https:\/\/schema.org","@graph":[{"@type":"WebPage","@id":"https:\/\/agneskovecs.com\/media\/","url":"https:\/\/agneskovecs.com\/media\/","name":"M\u00e9dia - \u00c1gnes K\u00f6vecs - Official Website","isPartOf":{"@id":"https:\/\/agneskovecs.com\/#website"},"datePublished":"2019-11-08T13:37:02+00:00","dateModified":"2022-11-27T19:41:45+00:00","breadcrumb":{"@id":"https:\/\/agneskovecs.com\/media\/#breadcrumb"},"inLanguage":"hu","potentialAction":[{"@type":"ReadAction","target":["https:\/\/agneskovecs.com\/media\/"]}]},{"@type":"BreadcrumbList","@id":"https:\/\/agneskovecs.com\/media\/#breadcrumb","itemListElement":[{"@type":"ListItem","position":1,"name":"Home","item":"https:\/\/agneskovecs.com\/hu\/"},{"@type":"ListItem","position":2,"name":"M\u00e9dia"}]},{"@type":"WebSite","@id":"https:\/\/agneskovecs.com\/#website","url":"https:\/\/agneskovecs.com\/","name":"\u00c1gnes K\u00f6vecs - Official Website","description":"\u00c1gnes K\u00f6vecs - Pianistin","potentialAction":[{"@type":"SearchAction","target":{"@type":"EntryPoint","urlTemplate":"https:\/\/agneskovecs.com\/?s={search_term_string}"},"query-input":"required name=search_term_string"}],"inLanguage":"hu"}]}},"_links":{"self":[{"href":"https:\/\/agneskovecs.com\/hu\/wp-json\/wp\/v2\/pages\/635","targetHints":{"allow":["GET"]}}],"collection":[{"href":"https:\/\/agneskovecs.com\/hu\/wp-json\/wp\/v2\/pages"}],"about":[{"href":"https:\/\/agneskovecs.com\/hu\/wp-json\/wp\/v2\/types\/page"}],"author":[{"embeddable":true,"href":"https:\/\/agneskovecs.com\/hu\/wp-json\/wp\/v2\/users\/1"}],"replies":[{"embeddable":true,"href":"https:\/\/agneskovecs.com\/hu\/wp-json\/wp\/v2\/comments?post=635"}],"version-history":[{"count":0,"href":"https:\/\/agneskovecs.com\/hu\/wp-json\/wp\/v2\/pages\/635\/revisions"}],"wp:attachment":[{"href":"https:\/\/agneskovecs.com\/hu\/wp-json\/wp\/v2\/media?parent=635"}],"curies":[{"name":"wp","href":"https:\/\/api.w.org\/{rel}","templated":true}]}}