{"id":626,"date":"2019-11-08T13:37:17","date_gmt":"2019-11-08T13:37:17","guid":{"rendered":"https:\/\/agneskovecs.com\/teaching\/"},"modified":"2020-01-05T22:06:37","modified_gmt":"2020-01-05T22:06:37","slug":"tanitas","status":"publish","type":"page","link":"https:\/\/agneskovecs.com\/hu\/tanitas\/","title":{"rendered":"Tan\u00edt\u00e1s"},"content":{"rendered":"<p>[et_pb_section fb_built=&#8221;1&#8243; _builder_version=&#8221;4.0.7&#8243; background_image=&#8221;https:\/\/agneskovecs.com\/wp-content\/uploads\/2019\/11\/tanitas.jpg&#8221; parallax=&#8221;on&#8221; parallax_method=&#8221;off&#8221; custom_padding=&#8221;50px||50px||false|false&#8221;][et_pb_row column_structure=&#8221;1_2,1_2&#8243; _builder_version=&#8221;4.0.6&#8243; custom_padding=&#8221;0px||0px||false|false&#8221;][et_pb_column type=&#8221;1_2&#8243; _builder_version=&#8221;4.0.6&#8243;][et_pb_text _builder_version=&#8221;4.0.11&#8243; text_text_color=&#8221;#ffffff&#8221; animation_style=&#8221;fade&#8221; animation_duration=&#8221;2000ms&#8221; hover_enabled=&#8221;0&#8243;]<\/p>\n<p>Az egyetemi \u00e9veim alatt zeneiskol\u00e1ban tan\u00edtottam, majd a zongoram\u0171v\u00e9szi \u00e9s zongoratan\u00e1ri diploma megszerz\u00e9se ut\u00e1n a budapesti Bart\u00f3k B\u00e9la Zenem\u0171v\u00e9szeti Szakk\u00f6z\u00e9piskola \u00e9s Gimn\u00e1zium illetve a Liszt Ferenc Zenem\u0171v\u00e9szeti F\u0151iskola tan\u00e1ra voltam. Az el\u0151ad\u00f3i p\u00e1ly\u00e1m mellett a tan\u00edt\u00e1s a szenved\u00e9lyem.<br \/> T\u00f6bb, mint 20 \u00e9ves tan\u00e1ri p\u00e1lyafut\u00e1som alatt mindh\u00e1rom zenei k\u00e9pz\u00e9si szinten oktattam (alap-k\u00f6z\u00e9p \u00e9s fels\u0151fokon) sok n\u00f6vend\u00e9kemet sikeresen k\u00e9sz\u00edtettem fel k\u00fcl\u00f6nb\u00f6z\u0151 versenyekre \u00e9s felv\u00e9telikre.<\/p>\n<p>A zongoraoktat\u00e1s nagyon \u00f6sszetett feladat sz\u00e1momra, hiszen az \u00f3r\u00e1kon nem csak a darabokkal foglalkozunk , hanem a tanul\u00f3 saj\u00e1t szem\u00e9lyis\u00e9g\u00e9nek fejl\u0151d\u00e9s\u00e9vel is. Sz\u00ednpadra kimenni \u00e9s j\u00e1tszani &#8211; e hivat\u00e1s minden sz\u00e9ps\u00e9ge mellett &#8211; lelkileg nagyon megterhel\u0151 lehet, ez\u00e9rt is tartom fontosnak az el\u0151ad\u00f3m\u0171v\u00e9szi p\u00e1ly\u00e1ra val\u00f3 felk\u00e9sz\u00edt\u00e9s sor\u00e1n a n\u00f6vend\u00e9k ilyen ir\u00e1ny\u00fa k\u00e9pz\u00e9s\u00e9t is.<\/p>\n<p>[\/et_pb_text][\/et_pb_column][et_pb_column type=&#8221;1_2&#8243; _builder_version=&#8221;4.0.6&#8243;][\/et_pb_column][\/et_pb_row][\/et_pb_section]<\/p>\n","protected":false},"excerpt":{"rendered":"<p>Az egyetemi \u00e9veim alatt zeneiskol\u00e1ban tan\u00edtottam, majd a zongoram\u0171v\u00e9szi \u00e9s zongoratan\u00e1ri diploma megszerz\u00e9se ut\u00e1n a budapesti Bart\u00f3k B\u00e9la Zenem\u0171v\u00e9szeti Szakk\u00f6z\u00e9piskola \u00e9s Gimn\u00e1zium illetve a Liszt Ferenc Zenem\u0171v\u00e9szeti F\u0151iskola tan\u00e1ra voltam. Az el\u0151ad\u00f3i p\u00e1ly\u00e1m mellett a tan\u00edt\u00e1s a szenved\u00e9lyem. T\u00f6bb, mint 20 \u00e9ves tan\u00e1ri p\u00e1lyafut\u00e1som alatt mindh\u00e1rom zenei k\u00e9pz\u00e9si szinten oktattam (alap-k\u00f6z\u00e9p \u00e9s fels\u0151fokon) sok n\u00f6vend\u00e9kemet [&hellip;]<\/p>\n","protected":false},"author":1,"featured_media":0,"parent":0,"menu_order":0,"comment_status":"closed","ping_status":"closed","template":"","meta":{"_et_pb_use_builder":"on","_et_pb_old_content":"","_et_gb_content_width":"","footnotes":""},"class_list":["post-626","page","type-page","status-publish","hentry"],"yoast_head":"<!-- This site is optimized with the Yoast SEO plugin v19.10 - https:\/\/yoast.com\/wordpress\/plugins\/seo\/ -->\n<title>Tan\u00edt\u00e1s - \u00c1gnes K\u00f6vecs - Official Website<\/title>\n<meta name=\"robots\" content=\"index, follow, max-snippet:-1, max-image-preview:large, max-video-preview:-1\" \/>\n<link rel=\"canonical\" href=\"https:\/\/agneskovecs.com\/hu\/tanitas\/\" \/>\n<meta property=\"og:locale\" content=\"hu_HU\" \/>\n<meta property=\"og:type\" content=\"article\" \/>\n<meta property=\"og:title\" content=\"Tan\u00edt\u00e1s - \u00c1gnes K\u00f6vecs - Official Website\" \/>\n<meta property=\"og:description\" content=\"Az egyetemi \u00e9veim alatt zeneiskol\u00e1ban tan\u00edtottam, majd a zongoram\u0171v\u00e9szi \u00e9s zongoratan\u00e1ri diploma megszerz\u00e9se ut\u00e1n a budapesti Bart\u00f3k B\u00e9la Zenem\u0171v\u00e9szeti Szakk\u00f6z\u00e9piskola \u00e9s Gimn\u00e1zium illetve a Liszt Ferenc Zenem\u0171v\u00e9szeti F\u0151iskola tan\u00e1ra voltam. Az el\u0151ad\u00f3i p\u00e1ly\u00e1m mellett a tan\u00edt\u00e1s a szenved\u00e9lyem. T\u00f6bb, mint 20 \u00e9ves tan\u00e1ri p\u00e1lyafut\u00e1som alatt mindh\u00e1rom zenei k\u00e9pz\u00e9si szinten oktattam (alap-k\u00f6z\u00e9p \u00e9s fels\u0151fokon) sok n\u00f6vend\u00e9kemet [&hellip;]\" \/>\n<meta property=\"og:url\" content=\"https:\/\/agneskovecs.com\/hu\/tanitas\/\" \/>\n<meta property=\"og:site_name\" content=\"\u00c1gnes K\u00f6vecs - Official Website\" \/>\n<meta property=\"article:modified_time\" content=\"2020-01-05T22:06:37+00:00\" \/>\n<meta name=\"twitter:card\" content=\"summary_large_image\" \/>\n<meta name=\"twitter:label1\" content=\"Becs\u00fclt olvas\u00e1si id\u0151\" \/>\n\t<meta name=\"twitter:data1\" content=\"1 perc\" \/>\n<script type=\"application\/ld+json\" class=\"yoast-schema-graph\">{\"@context\":\"https:\/\/schema.org\",\"@graph\":[{\"@type\":\"WebPage\",\"@id\":\"https:\/\/agneskovecs.com\/hu\/tanitas\/\",\"url\":\"https:\/\/agneskovecs.com\/hu\/tanitas\/\",\"name\":\"Tan\u00edt\u00e1s - \u00c1gnes K\u00f6vecs - Official Website\",\"isPartOf\":{\"@id\":\"https:\/\/agneskovecs.com\/#website\"},\"datePublished\":\"2019-11-08T13:37:17+00:00\",\"dateModified\":\"2020-01-05T22:06:37+00:00\",\"breadcrumb\":{\"@id\":\"https:\/\/agneskovecs.com\/hu\/tanitas\/#breadcrumb\"},\"inLanguage\":\"hu\",\"potentialAction\":[{\"@type\":\"ReadAction\",\"target\":[\"https:\/\/agneskovecs.com\/hu\/tanitas\/\"]}]},{\"@type\":\"BreadcrumbList\",\"@id\":\"https:\/\/agneskovecs.com\/hu\/tanitas\/#breadcrumb\",\"itemListElement\":[{\"@type\":\"ListItem\",\"position\":1,\"name\":\"Home\",\"item\":\"https:\/\/agneskovecs.com\/hu\/\"},{\"@type\":\"ListItem\",\"position\":2,\"name\":\"Tan\u00edt\u00e1s\"}]},{\"@type\":\"WebSite\",\"@id\":\"https:\/\/agneskovecs.com\/#website\",\"url\":\"https:\/\/agneskovecs.com\/\",\"name\":\"\u00c1gnes K\u00f6vecs - Official Website\",\"description\":\"\u00c1gnes K\u00f6vecs - Pianistin\",\"potentialAction\":[{\"@type\":\"SearchAction\",\"target\":{\"@type\":\"EntryPoint\",\"urlTemplate\":\"https:\/\/agneskovecs.com\/?s={search_term_string}\"},\"query-input\":\"required name=search_term_string\"}],\"inLanguage\":\"hu\"}]}<\/script>\n<!-- \/ Yoast SEO plugin. -->","yoast_head_json":{"title":"Tan\u00edt\u00e1s - \u00c1gnes K\u00f6vecs - Official Website","robots":{"index":"index","follow":"follow","max-snippet":"max-snippet:-1","max-image-preview":"max-image-preview:large","max-video-preview":"max-video-preview:-1"},"canonical":"https:\/\/agneskovecs.com\/hu\/tanitas\/","og_locale":"hu_HU","og_type":"article","og_title":"Tan\u00edt\u00e1s - \u00c1gnes K\u00f6vecs - Official Website","og_description":"Az egyetemi \u00e9veim alatt zeneiskol\u00e1ban tan\u00edtottam, majd a zongoram\u0171v\u00e9szi \u00e9s zongoratan\u00e1ri diploma megszerz\u00e9se ut\u00e1n a budapesti Bart\u00f3k B\u00e9la Zenem\u0171v\u00e9szeti Szakk\u00f6z\u00e9piskola \u00e9s Gimn\u00e1zium illetve a Liszt Ferenc Zenem\u0171v\u00e9szeti F\u0151iskola tan\u00e1ra voltam. Az el\u0151ad\u00f3i p\u00e1ly\u00e1m mellett a tan\u00edt\u00e1s a szenved\u00e9lyem. T\u00f6bb, mint 20 \u00e9ves tan\u00e1ri p\u00e1lyafut\u00e1som alatt mindh\u00e1rom zenei k\u00e9pz\u00e9si szinten oktattam (alap-k\u00f6z\u00e9p \u00e9s fels\u0151fokon) sok n\u00f6vend\u00e9kemet [&hellip;]","og_url":"https:\/\/agneskovecs.com\/hu\/tanitas\/","og_site_name":"\u00c1gnes K\u00f6vecs - Official Website","article_modified_time":"2020-01-05T22:06:37+00:00","twitter_card":"summary_large_image","twitter_misc":{"Becs\u00fclt olvas\u00e1si id\u0151":"1 perc"},"schema":{"@context":"https:\/\/schema.org","@graph":[{"@type":"WebPage","@id":"https:\/\/agneskovecs.com\/hu\/tanitas\/","url":"https:\/\/agneskovecs.com\/hu\/tanitas\/","name":"Tan\u00edt\u00e1s - \u00c1gnes K\u00f6vecs - Official Website","isPartOf":{"@id":"https:\/\/agneskovecs.com\/#website"},"datePublished":"2019-11-08T13:37:17+00:00","dateModified":"2020-01-05T22:06:37+00:00","breadcrumb":{"@id":"https:\/\/agneskovecs.com\/hu\/tanitas\/#breadcrumb"},"inLanguage":"hu","potentialAction":[{"@type":"ReadAction","target":["https:\/\/agneskovecs.com\/hu\/tanitas\/"]}]},{"@type":"BreadcrumbList","@id":"https:\/\/agneskovecs.com\/hu\/tanitas\/#breadcrumb","itemListElement":[{"@type":"ListItem","position":1,"name":"Home","item":"https:\/\/agneskovecs.com\/hu\/"},{"@type":"ListItem","position":2,"name":"Tan\u00edt\u00e1s"}]},{"@type":"WebSite","@id":"https:\/\/agneskovecs.com\/#website","url":"https:\/\/agneskovecs.com\/","name":"\u00c1gnes K\u00f6vecs - Official Website","description":"\u00c1gnes K\u00f6vecs - Pianistin","potentialAction":[{"@type":"SearchAction","target":{"@type":"EntryPoint","urlTemplate":"https:\/\/agneskovecs.com\/?s={search_term_string}"},"query-input":"required name=search_term_string"}],"inLanguage":"hu"}]}},"_links":{"self":[{"href":"https:\/\/agneskovecs.com\/hu\/wp-json\/wp\/v2\/pages\/626","targetHints":{"allow":["GET"]}}],"collection":[{"href":"https:\/\/agneskovecs.com\/hu\/wp-json\/wp\/v2\/pages"}],"about":[{"href":"https:\/\/agneskovecs.com\/hu\/wp-json\/wp\/v2\/types\/page"}],"author":[{"embeddable":true,"href":"https:\/\/agneskovecs.com\/hu\/wp-json\/wp\/v2\/users\/1"}],"replies":[{"embeddable":true,"href":"https:\/\/agneskovecs.com\/hu\/wp-json\/wp\/v2\/comments?post=626"}],"version-history":[{"count":0,"href":"https:\/\/agneskovecs.com\/hu\/wp-json\/wp\/v2\/pages\/626\/revisions"}],"wp:attachment":[{"href":"https:\/\/agneskovecs.com\/hu\/wp-json\/wp\/v2\/media?parent=626"}],"curies":[{"name":"wp","href":"https:\/\/api.w.org\/{rel}","templated":true}]}}