{"id":678,"date":"2019-11-08T13:36:45","date_gmt":"2019-11-08T13:36:45","guid":{"rendered":"https:\/\/agneskovecs.com\/biography\/"},"modified":"2020-01-05T22:21:57","modified_gmt":"2020-01-05T22:21:57","slug":"biographie","status":"publish","type":"page","link":"https:\/\/agneskovecs.com\/de\/biographie\/","title":{"rendered":"Biographie"},"content":{"rendered":"<p>[et_pb_section fb_built=&#8220;1&#8243; disabled_on=&#8220;on|on|off&#8220; _builder_version=&#8220;4.0.9&#8243; background_image=&#8220;https:\/\/agneskovecs.com\/wp-content\/uploads\/2019\/11\/biography_2.jpg&#8220; parallax=&#8220;on&#8220; parallax_method=&#8220;off&#8220; custom_margin=&#8220;||||false|false&#8220; custom_padding=&#8220;10px||50px||false|false&#8220;][et_pb_row column_structure=&#8220;3_4,1_4&#8243; _builder_version=&#8220;4.0.6&#8243; width=&#8220;70%&#8220; max_width=&#8220;1945px&#8220; module_alignment=&#8220;left&#8220; custom_padding=&#8220;||0px|100px|false|false&#8220;][et_pb_column type=&#8220;3_4&#8243; _builder_version=&#8220;4.0.6&#8243; background_color=&#8220;rgba(242,242,242,0.7)&#8220; custom_padding=&#8220;||||false|false&#8220;][et_pb_text _builder_version=&#8220;4.0.11&#8243; text_text_color=&#8220;#000000&#8243; header_2_text_color=&#8220;#000000&#8243; header_2_line_height=&#8220;1.8em&#8220; custom_margin=&#8220;||||false|false&#8220; custom_padding=&#8220;20px|20px|20px|20px|false|false&#8220; animation_style=&#8220;fade&#8220; animation_duration=&#8220;2000ms&#8220; hover_enabled=&#8220;0&#8243;]<\/p>\n<h2>Studium:<\/h2>\n<p>1982-1988 Musikschule Ferenc Erkel, Dorog, Ungarn<br \/> Lehrerin: \u00c9va Bal\u00e1zs<\/p>\n<p>1988-1994 Musikalische Fachmittelschule B\u00e9la Bart\u00f3k, Budapest<br \/> Lehrer: G\u00e1bor Eckhardt<\/p>\n<p>1994-1999 Franz Liszt Musikakademie <br \/> Lehrer: L\u00e1szl\u00f3 Baranyay, Jen\u0151 Jand\u00f3, D\u00e9nes V\u00e1rjon, Ferenc Rados<\/p>\n<p>&nbsp;<\/p>\n<h2>Wettbewerb:<\/h2>\n<p>1986 Internationaler Kammermusikwettbewerb, Tatab\u00e1nya 1. Preis<br \/> 1992 Internationaler Klavierwettbewerb, B\u00e9k\u00e9s-Tarhos, Ungarn: 1. Preis und zwei Chopin Sonderpreise<br \/> 1995 Clara Haskil Internationaler Klavierwettbewerb, Vevey, Schweiz<br \/> 1996 Franz Liszt Internationaler Klavierwettbewerb, Budapest, Ungarn<br \/> 1997 G\u00e9za Anda Internationaler Klavierwettbewerb, Z\u00fcrich, Schweiz<br \/> 1999 Andor F\u00f6ldes Internationaler Klavierwettbewerb, Budapest, Ungarn: 3. Preis<br \/> 2000 J. Brahms Internationaler Klavierwettbewerb, P\u00f6rtschach, \u00d6sterreich C. Schumann Sonderpreis<br \/> 2001 Franz Liszt Internationaler Klavierwettbewerb, Budapest, Ungarn<\/p>\n<p>&nbsp;<\/p>\n<h2>Meisterkurse:<\/h2>\n<p>Andr\u00e1s Schiff, Budapest<br \/> Zolt\u00e1n Kocsis, Budapest<br \/> Gy\u00f6rgy Seb\u0151k, Ernen<\/p>\n<p>&nbsp;<\/p>\n<h2>Berufliche Werdegang:<\/h2>\n<p>2001-2002 Franz Liszt Musikakademie, Budapest<\/p>\n<p>2001-2012 B\u00e9la Bart\u00f3k Musikalische Fachmittelschule, Budapest<\/p>\n<p>2015-2020 Musikschule Pfannenstiel, Egg<\/p>\n<p>[\/et_pb_text][\/et_pb_column][et_pb_column type=&#8220;1_4&#8243; _builder_version=&#8220;4.0.6&#8243; custom_padding=&#8220;||||false|false&#8220;][\/et_pb_column][\/et_pb_row][\/et_pb_section][et_pb_section fb_built=&#8220;1&#8243; disabled_on=&#8220;off|off|on&#8220; _builder_version=&#8220;4.0.9&#8243; background_image=&#8220;https:\/\/agneskovecs.com\/wp-content\/uploads\/2019\/12\/studies.jpg&#8220; custom_padding=&#8220;100px||100px||true|false&#8220;][et_pb_row _builder_version=&#8220;4.0.9&#8243; background_color=&#8220;rgba(255,255,255,0.76)&#8220;][et_pb_column type=&#8220;4_4&#8243; _builder_version=&#8220;4.0.9&#8243;][et_pb_text _builder_version=&#8220;4.0.11&#8243; header_font_size=&#8220;40px&#8220; custom_margin=&#8220;0px||0px||false|false&#8220; custom_padding=&#8220;0px||0px||false|false&#8220; hover_enabled=&#8220;0&#8243;]<\/p>\n<h1 style=\"text-align: center;\">BIOGRAPHIE<\/h1>\n<p>[\/et_pb_text][\/et_pb_column][\/et_pb_row][\/et_pb_section][et_pb_section fb_built=&#8220;1&#8243; disabled_on=&#8220;off|off|on&#8220; _builder_version=&#8220;4.0.11&#8243; background_color=&#8220;#FADBAF&#8220; background_enable_image=&#8220;off&#8220; parallax=&#8220;on&#8220; parallax_method=&#8220;off&#8220; custom_margin=&#8220;||||false|false&#8220; custom_padding=&#8220;10px||0px||false|false&#8220;][et_pb_row _builder_version=&#8220;4.0.7&#8243; max_width=&#8220;1945px&#8220; module_alignment=&#8220;center&#8220; custom_padding=&#8220;||||false|false&#8220;][et_pb_column type=&#8220;4_4&#8243; _builder_version=&#8220;4.0.7&#8243; background_enable_color=&#8220;off&#8220; custom_padding=&#8220;||||false|false&#8220;][et_pb_text _builder_version=&#8220;4.0.11&#8243; text_text_color=&#8220;#000000&#8243; header_2_text_color=&#8220;#000000&#8243; header_2_line_height=&#8220;1.8em&#8220; custom_margin=&#8220;||||false|false&#8220; custom_padding=&#8220;0px|20px|0px|20px|false|false&#8220; animation_style=&#8220;fade&#8220; animation_duration=&#8220;2000ms&#8220; hover_enabled=&#8220;0&#8243;]<\/p>\n<h2>Studium:<\/h2>\n<p>1982-1988 Musikschule Ferenc Erkel, Dorog, Ungarn<br \/> Lehrerin: \u00c9va Bal\u00e1zs<\/p>\n<p>1988-1994 Musikalische Fachmittelschule B\u00e9la Bart\u00f3k, Budapest<br \/> Lehrer: G\u00e1bor Eckhardt<\/p>\n<p>1994-1999 Franz Liszt Musikakademie <br \/> Lehrer: L\u00e1szl\u00f3 Baranyay, Jen\u0151 Jand\u00f3, D\u00e9nes V\u00e1rjon, Ferenc Rados<\/p>\n<p>&nbsp;<\/p>\n<h2>Wettbewerb:<\/h2>\n<p>1986 Internationaler Kammermusikwettbewerb, Tatab\u00e1nya 1. Preis<br \/> 1992 Internationaler Klavierwettbewerb, B\u00e9k\u00e9s-Tarhos, Ungarn: 1. Preis und zwei Chopin Sonderpreise<br \/> 1995 Clara Haskil Internationaler Klavierwettbewerb, Vevey, Schweiz<br \/> 1996 Franz Liszt Internationaler Klavierwettbewerb, Budapest, Ungarn<br \/> 1997 G\u00e9za Anda Internationaler Klavierwettbewerb, Z\u00fcrich, Schweiz<br \/> 1999 Andor F\u00f6ldes Internationaler Klavierwettbewerb, Budapest, Ungarn: 3. Preis<br \/> 2000 J. Brahms Internationaler Klavierwettbewerb, P\u00f6rtschach, \u00d6sterreich C. Schumann Sonderpreis<br \/> 2001 Franz Liszt Internationaler Klavierwettbewerb, Budapest, Ungarn<\/p>\n<p>&nbsp;<\/p>\n<h2>Meisterkurse:<\/h2>\n<p>Andr\u00e1s Schiff, Budapest<br \/> Zolt\u00e1n Kocsis, Budapest<br \/> Gy\u00f6rgy Seb\u0151k, Ernen<\/p>\n<p>&nbsp;<\/p>\n<h2>Berufliche Werdegang:<\/h2>\n<p>2001-2002 Franz Liszt Musikakademie, Budapest<\/p>\n<p>2001-2012 B\u00e9la Bart\u00f3k Musikalische Fachmittelschule, Budapest<\/p>\n<p>2015-2020 Musikschule Pfannenstiel, Egg<\/p>\n<p>[\/et_pb_text][\/et_pb_column][\/et_pb_row][et_pb_row _builder_version=&#8220;4.0.7&#8243; width=&#8220;100%&#8220; max_width=&#8220;1350px&#8220; custom_padding=&#8220;0px||0px|||&#8220;][et_pb_column type=&#8220;4_4&#8243; _builder_version=&#8220;4.0.7&#8243;][et_pb_image src=&#8220;https:\/\/agneskovecs.com\/wp-content\/uploads\/2019\/12\/agnes_kovecs_biography.jpg&#8220; _builder_version=&#8220;4.0.7&#8243;][\/et_pb_image][\/et_pb_column][\/et_pb_row][\/et_pb_section]<\/p>\n","protected":false},"excerpt":{"rendered":"<p>Studium: 1982-1988 Musikschule Ferenc Erkel, Dorog, Ungarn Lehrerin: \u00c9va Bal\u00e1zs 1988-1994 Musikalische Fachmittelschule B\u00e9la Bart\u00f3k, Budapest Lehrer: G\u00e1bor Eckhardt 1994-1999 Franz Liszt Musikakademie Lehrer: L\u00e1szl\u00f3 Baranyay, Jen\u0151 Jand\u00f3, D\u00e9nes V\u00e1rjon, Ferenc Rados &nbsp; Wettbewerb: 1986 Internationaler Kammermusikwettbewerb, Tatab\u00e1nya 1. Preis 1992 Internationaler Klavierwettbewerb, B\u00e9k\u00e9s-Tarhos, Ungarn: 1. Preis und zwei Chopin Sonderpreise 1995 Clara Haskil Internationaler [&hellip;]<\/p>\n","protected":false},"author":1,"featured_media":0,"parent":0,"menu_order":0,"comment_status":"closed","ping_status":"closed","template":"","meta":{"_et_pb_use_builder":"on","_et_pb_old_content":"<!-- wp:divi\/placeholder \/-->","_et_gb_content_width":"","footnotes":""},"class_list":["post-678","page","type-page","status-publish","hentry"],"yoast_head":"<!-- This site is optimized with the Yoast SEO plugin v19.10 - https:\/\/yoast.com\/wordpress\/plugins\/seo\/ -->\n<title>Biographie - \u00c1gnes K\u00f6vecs - Official Website<\/title>\n<meta name=\"robots\" content=\"index, follow, max-snippet:-1, max-image-preview:large, max-video-preview:-1\" \/>\n<link rel=\"canonical\" href=\"https:\/\/agneskovecs.com\/de\/biographie\/\" \/>\n<meta property=\"og:locale\" content=\"de_DE\" \/>\n<meta property=\"og:type\" content=\"article\" \/>\n<meta property=\"og:title\" content=\"Biographie - \u00c1gnes K\u00f6vecs - Official Website\" \/>\n<meta property=\"og:description\" content=\"Studium: 1982-1988 Musikschule Ferenc Erkel, Dorog, Ungarn Lehrerin: \u00c9va Bal\u00e1zs 1988-1994 Musikalische Fachmittelschule B\u00e9la Bart\u00f3k, Budapest Lehrer: G\u00e1bor Eckhardt 1994-1999 Franz Liszt Musikakademie Lehrer: L\u00e1szl\u00f3 Baranyay, Jen\u0151 Jand\u00f3, D\u00e9nes V\u00e1rjon, Ferenc Rados &nbsp; Wettbewerb: 1986 Internationaler Kammermusikwettbewerb, Tatab\u00e1nya 1. Preis 1992 Internationaler Klavierwettbewerb, B\u00e9k\u00e9s-Tarhos, Ungarn: 1. Preis und zwei Chopin Sonderpreise 1995 Clara Haskil Internationaler [&hellip;]\" \/>\n<meta property=\"og:url\" content=\"https:\/\/agneskovecs.com\/de\/biographie\/\" \/>\n<meta property=\"og:site_name\" content=\"\u00c1gnes K\u00f6vecs - Official Website\" \/>\n<meta property=\"article:modified_time\" content=\"2020-01-05T22:21:57+00:00\" \/>\n<meta name=\"twitter:card\" content=\"summary_large_image\" \/>\n<meta name=\"twitter:label1\" content=\"Gesch\u00e4tzte Lesezeit\" \/>\n\t<meta name=\"twitter:data1\" content=\"3\u00a0Minuten\" \/>\n<script type=\"application\/ld+json\" class=\"yoast-schema-graph\">{\"@context\":\"https:\/\/schema.org\",\"@graph\":[{\"@type\":\"WebPage\",\"@id\":\"https:\/\/agneskovecs.com\/de\/biographie\/\",\"url\":\"https:\/\/agneskovecs.com\/de\/biographie\/\",\"name\":\"Biographie - \u00c1gnes K\u00f6vecs - Official Website\",\"isPartOf\":{\"@id\":\"https:\/\/agneskovecs.com\/#website\"},\"datePublished\":\"2019-11-08T13:36:45+00:00\",\"dateModified\":\"2020-01-05T22:21:57+00:00\",\"breadcrumb\":{\"@id\":\"https:\/\/agneskovecs.com\/de\/biographie\/#breadcrumb\"},\"inLanguage\":\"de\",\"potentialAction\":[{\"@type\":\"ReadAction\",\"target\":[\"https:\/\/agneskovecs.com\/de\/biographie\/\"]}]},{\"@type\":\"BreadcrumbList\",\"@id\":\"https:\/\/agneskovecs.com\/de\/biographie\/#breadcrumb\",\"itemListElement\":[{\"@type\":\"ListItem\",\"position\":1,\"name\":\"Home\",\"item\":\"https:\/\/agneskovecs.com\/de\/\"},{\"@type\":\"ListItem\",\"position\":2,\"name\":\"Biographie\"}]},{\"@type\":\"WebSite\",\"@id\":\"https:\/\/agneskovecs.com\/#website\",\"url\":\"https:\/\/agneskovecs.com\/\",\"name\":\"\u00c1gnes K\u00f6vecs - Official Website\",\"description\":\"\u00c1gnes K\u00f6vecs - Pianistin\",\"potentialAction\":[{\"@type\":\"SearchAction\",\"target\":{\"@type\":\"EntryPoint\",\"urlTemplate\":\"https:\/\/agneskovecs.com\/?s={search_term_string}\"},\"query-input\":\"required name=search_term_string\"}],\"inLanguage\":\"de\"}]}<\/script>\n<!-- \/ Yoast SEO plugin. -->","yoast_head_json":{"title":"Biographie - \u00c1gnes K\u00f6vecs - Official Website","robots":{"index":"index","follow":"follow","max-snippet":"max-snippet:-1","max-image-preview":"max-image-preview:large","max-video-preview":"max-video-preview:-1"},"canonical":"https:\/\/agneskovecs.com\/de\/biographie\/","og_locale":"de_DE","og_type":"article","og_title":"Biographie - \u00c1gnes K\u00f6vecs - Official Website","og_description":"Studium: 1982-1988 Musikschule Ferenc Erkel, Dorog, Ungarn Lehrerin: \u00c9va Bal\u00e1zs 1988-1994 Musikalische Fachmittelschule B\u00e9la Bart\u00f3k, Budapest Lehrer: G\u00e1bor Eckhardt 1994-1999 Franz Liszt Musikakademie Lehrer: L\u00e1szl\u00f3 Baranyay, Jen\u0151 Jand\u00f3, D\u00e9nes V\u00e1rjon, Ferenc Rados &nbsp; Wettbewerb: 1986 Internationaler Kammermusikwettbewerb, Tatab\u00e1nya 1. Preis 1992 Internationaler Klavierwettbewerb, B\u00e9k\u00e9s-Tarhos, Ungarn: 1. Preis und zwei Chopin Sonderpreise 1995 Clara Haskil Internationaler [&hellip;]","og_url":"https:\/\/agneskovecs.com\/de\/biographie\/","og_site_name":"\u00c1gnes K\u00f6vecs - Official Website","article_modified_time":"2020-01-05T22:21:57+00:00","twitter_card":"summary_large_image","twitter_misc":{"Gesch\u00e4tzte Lesezeit":"3\u00a0Minuten"},"schema":{"@context":"https:\/\/schema.org","@graph":[{"@type":"WebPage","@id":"https:\/\/agneskovecs.com\/de\/biographie\/","url":"https:\/\/agneskovecs.com\/de\/biographie\/","name":"Biographie - \u00c1gnes K\u00f6vecs - Official Website","isPartOf":{"@id":"https:\/\/agneskovecs.com\/#website"},"datePublished":"2019-11-08T13:36:45+00:00","dateModified":"2020-01-05T22:21:57+00:00","breadcrumb":{"@id":"https:\/\/agneskovecs.com\/de\/biographie\/#breadcrumb"},"inLanguage":"de","potentialAction":[{"@type":"ReadAction","target":["https:\/\/agneskovecs.com\/de\/biographie\/"]}]},{"@type":"BreadcrumbList","@id":"https:\/\/agneskovecs.com\/de\/biographie\/#breadcrumb","itemListElement":[{"@type":"ListItem","position":1,"name":"Home","item":"https:\/\/agneskovecs.com\/de\/"},{"@type":"ListItem","position":2,"name":"Biographie"}]},{"@type":"WebSite","@id":"https:\/\/agneskovecs.com\/#website","url":"https:\/\/agneskovecs.com\/","name":"\u00c1gnes K\u00f6vecs - Official Website","description":"\u00c1gnes K\u00f6vecs - Pianistin","potentialAction":[{"@type":"SearchAction","target":{"@type":"EntryPoint","urlTemplate":"https:\/\/agneskovecs.com\/?s={search_term_string}"},"query-input":"required name=search_term_string"}],"inLanguage":"de"}]}},"_links":{"self":[{"href":"https:\/\/agneskovecs.com\/de\/wp-json\/wp\/v2\/pages\/678","targetHints":{"allow":["GET"]}}],"collection":[{"href":"https:\/\/agneskovecs.com\/de\/wp-json\/wp\/v2\/pages"}],"about":[{"href":"https:\/\/agneskovecs.com\/de\/wp-json\/wp\/v2\/types\/page"}],"author":[{"embeddable":true,"href":"https:\/\/agneskovecs.com\/de\/wp-json\/wp\/v2\/users\/1"}],"replies":[{"embeddable":true,"href":"https:\/\/agneskovecs.com\/de\/wp-json\/wp\/v2\/comments?post=678"}],"version-history":[{"count":0,"href":"https:\/\/agneskovecs.com\/de\/wp-json\/wp\/v2\/pages\/678\/revisions"}],"wp:attachment":[{"href":"https:\/\/agneskovecs.com\/de\/wp-json\/wp\/v2\/media?parent=678"}],"curies":[{"name":"wp","href":"https:\/\/api.w.org\/{rel}","templated":true}]}}