{"id":672,"date":"2019-11-08T13:37:17","date_gmt":"2019-11-08T13:37:17","guid":{"rendered":"https:\/\/agneskovecs.com\/teaching\/"},"modified":"2020-01-26T20:09:09","modified_gmt":"2020-01-26T20:09:09","slug":"lehren","status":"publish","type":"page","link":"https:\/\/agneskovecs.com\/de\/lehren\/","title":{"rendered":"Lehren"},"content":{"rendered":"<p>[et_pb_section fb_built=&#8220;1&#8243; _builder_version=&#8220;4.0.7&#8243; background_image=&#8220;https:\/\/agneskovecs.com\/wp-content\/uploads\/2019\/11\/tanitas.jpg&#8220; parallax=&#8220;on&#8220; parallax_method=&#8220;off&#8220; custom_padding=&#8220;50px||50px||false|false&#8220;][et_pb_row column_structure=&#8220;1_2,1_2&#8243; _builder_version=&#8220;4.0.6&#8243; custom_padding=&#8220;0px||0px||false|false&#8220;][et_pb_column type=&#8220;1_2&#8243; _builder_version=&#8220;4.0.6&#8243;][et_pb_text _builder_version=&#8220;4.0.11&#8243; text_text_color=&#8220;#ffffff&#8220; animation_style=&#8220;fade&#8220; animation_duration=&#8220;2000ms&#8220;]<\/p>\n<p>W\u00e4hrend meiner Zeit an der Universit\u00e4t war ich als Lehrerin an einer Musikschule t\u00e4tig. Nachdem ich mein Diplom in Piano und P\u00e4dagogik erhielt, arbeitete ich am B\u00e9la Bart\u00f3k Musikgymnasium und an der Franz Liszt Musikhochschule. Neben meiner Karriere als Pianistin ist das Lehren meine Leidenschaft. <br \/>Ich lehrte auf allen drei musikalischen Stufen w\u00e4hrend meiner mehr als 20 j\u00e4hrigen Laufbahn als P\u00e4dagogin und habe viele meiner Studenten erfolgreich f\u00fcr verschiedene Wettbewerbe und Aufnahmepr\u00fcfungen vorbereitet.<\/p>\n<p>Der Klavierunterricht ist f\u00fcr mich eine sehr komplexe Aufgabe, da wir uns ja nicht nur mit Musikst\u00fccken befassen, sondern auch mit der Entwicklung der Pers\u00f6nlichkeiten der Studenten. Ein B\u00fchnenauftritt ist seelisch im jeden fall belastend, kann f\u00fcr Musikern, die mit Sorgen und \u00c4ngsten k\u00e4mpfen, ein entscheidend qu\u00e4lendes Erlebnis werden.<br \/>Darum halte ich es wichtig, Studenten w\u00e4hrend ihrer Ausbildung auch in dieser Hinsicht zu coachen und zu unterrichten.<\/p>\n<p>[\/et_pb_text][\/et_pb_column][et_pb_column type=&#8220;1_2&#8243; _builder_version=&#8220;4.0.6&#8243;][\/et_pb_column][\/et_pb_row][\/et_pb_section]<\/p>\n","protected":false},"excerpt":{"rendered":"<p>W\u00e4hrend meiner Zeit an der Universit\u00e4t war ich als Lehrerin an einer Musikschule t\u00e4tig. Nachdem ich mein Diplom in Piano und P\u00e4dagogik erhielt, arbeitete ich am B\u00e9la Bart\u00f3k Musikgymnasium und an der Franz Liszt Musikhochschule. Neben meiner Karriere als Pianistin ist das Lehren meine Leidenschaft. Ich lehrte auf allen drei musikalischen Stufen w\u00e4hrend meiner mehr [&hellip;]<\/p>\n","protected":false},"author":1,"featured_media":0,"parent":0,"menu_order":0,"comment_status":"closed","ping_status":"closed","template":"","meta":{"_et_pb_use_builder":"on","_et_pb_old_content":"","_et_gb_content_width":"","footnotes":""},"class_list":["post-672","page","type-page","status-publish","hentry"],"yoast_head":"<!-- This site is optimized with the Yoast SEO plugin v19.10 - https:\/\/yoast.com\/wordpress\/plugins\/seo\/ -->\n<title>Lehren - \u00c1gnes K\u00f6vecs - Official Website<\/title>\n<meta name=\"robots\" content=\"index, follow, max-snippet:-1, max-image-preview:large, max-video-preview:-1\" \/>\n<link rel=\"canonical\" href=\"https:\/\/agneskovecs.com\/de\/lehren\/\" \/>\n<meta property=\"og:locale\" content=\"de_DE\" \/>\n<meta property=\"og:type\" content=\"article\" \/>\n<meta property=\"og:title\" content=\"Lehren - \u00c1gnes K\u00f6vecs - Official Website\" \/>\n<meta property=\"og:description\" content=\"W\u00e4hrend meiner Zeit an der Universit\u00e4t war ich als Lehrerin an einer Musikschule t\u00e4tig. Nachdem ich mein Diplom in Piano und P\u00e4dagogik erhielt, arbeitete ich am B\u00e9la Bart\u00f3k Musikgymnasium und an der Franz Liszt Musikhochschule. Neben meiner Karriere als Pianistin ist das Lehren meine Leidenschaft. Ich lehrte auf allen drei musikalischen Stufen w\u00e4hrend meiner mehr [&hellip;]\" \/>\n<meta property=\"og:url\" content=\"https:\/\/agneskovecs.com\/de\/lehren\/\" \/>\n<meta property=\"og:site_name\" content=\"\u00c1gnes K\u00f6vecs - Official Website\" \/>\n<meta property=\"article:modified_time\" content=\"2020-01-26T20:09:09+00:00\" \/>\n<meta name=\"twitter:card\" content=\"summary_large_image\" \/>\n<meta name=\"twitter:label1\" content=\"Gesch\u00e4tzte Lesezeit\" \/>\n\t<meta name=\"twitter:data1\" content=\"1\u00a0Minute\" \/>\n<script type=\"application\/ld+json\" class=\"yoast-schema-graph\">{\"@context\":\"https:\/\/schema.org\",\"@graph\":[{\"@type\":\"WebPage\",\"@id\":\"https:\/\/agneskovecs.com\/de\/lehren\/\",\"url\":\"https:\/\/agneskovecs.com\/de\/lehren\/\",\"name\":\"Lehren - \u00c1gnes K\u00f6vecs - Official Website\",\"isPartOf\":{\"@id\":\"https:\/\/agneskovecs.com\/#website\"},\"datePublished\":\"2019-11-08T13:37:17+00:00\",\"dateModified\":\"2020-01-26T20:09:09+00:00\",\"breadcrumb\":{\"@id\":\"https:\/\/agneskovecs.com\/de\/lehren\/#breadcrumb\"},\"inLanguage\":\"de\",\"potentialAction\":[{\"@type\":\"ReadAction\",\"target\":[\"https:\/\/agneskovecs.com\/de\/lehren\/\"]}]},{\"@type\":\"BreadcrumbList\",\"@id\":\"https:\/\/agneskovecs.com\/de\/lehren\/#breadcrumb\",\"itemListElement\":[{\"@type\":\"ListItem\",\"position\":1,\"name\":\"Home\",\"item\":\"https:\/\/agneskovecs.com\/de\/\"},{\"@type\":\"ListItem\",\"position\":2,\"name\":\"Lehren\"}]},{\"@type\":\"WebSite\",\"@id\":\"https:\/\/agneskovecs.com\/#website\",\"url\":\"https:\/\/agneskovecs.com\/\",\"name\":\"\u00c1gnes K\u00f6vecs - Official Website\",\"description\":\"\u00c1gnes K\u00f6vecs - Pianistin\",\"potentialAction\":[{\"@type\":\"SearchAction\",\"target\":{\"@type\":\"EntryPoint\",\"urlTemplate\":\"https:\/\/agneskovecs.com\/?s={search_term_string}\"},\"query-input\":\"required name=search_term_string\"}],\"inLanguage\":\"de\"}]}<\/script>\n<!-- \/ Yoast SEO plugin. -->","yoast_head_json":{"title":"Lehren - \u00c1gnes K\u00f6vecs - Official Website","robots":{"index":"index","follow":"follow","max-snippet":"max-snippet:-1","max-image-preview":"max-image-preview:large","max-video-preview":"max-video-preview:-1"},"canonical":"https:\/\/agneskovecs.com\/de\/lehren\/","og_locale":"de_DE","og_type":"article","og_title":"Lehren - \u00c1gnes K\u00f6vecs - Official Website","og_description":"W\u00e4hrend meiner Zeit an der Universit\u00e4t war ich als Lehrerin an einer Musikschule t\u00e4tig. Nachdem ich mein Diplom in Piano und P\u00e4dagogik erhielt, arbeitete ich am B\u00e9la Bart\u00f3k Musikgymnasium und an der Franz Liszt Musikhochschule. Neben meiner Karriere als Pianistin ist das Lehren meine Leidenschaft. Ich lehrte auf allen drei musikalischen Stufen w\u00e4hrend meiner mehr [&hellip;]","og_url":"https:\/\/agneskovecs.com\/de\/lehren\/","og_site_name":"\u00c1gnes K\u00f6vecs - Official Website","article_modified_time":"2020-01-26T20:09:09+00:00","twitter_card":"summary_large_image","twitter_misc":{"Gesch\u00e4tzte Lesezeit":"1\u00a0Minute"},"schema":{"@context":"https:\/\/schema.org","@graph":[{"@type":"WebPage","@id":"https:\/\/agneskovecs.com\/de\/lehren\/","url":"https:\/\/agneskovecs.com\/de\/lehren\/","name":"Lehren - \u00c1gnes K\u00f6vecs - Official Website","isPartOf":{"@id":"https:\/\/agneskovecs.com\/#website"},"datePublished":"2019-11-08T13:37:17+00:00","dateModified":"2020-01-26T20:09:09+00:00","breadcrumb":{"@id":"https:\/\/agneskovecs.com\/de\/lehren\/#breadcrumb"},"inLanguage":"de","potentialAction":[{"@type":"ReadAction","target":["https:\/\/agneskovecs.com\/de\/lehren\/"]}]},{"@type":"BreadcrumbList","@id":"https:\/\/agneskovecs.com\/de\/lehren\/#breadcrumb","itemListElement":[{"@type":"ListItem","position":1,"name":"Home","item":"https:\/\/agneskovecs.com\/de\/"},{"@type":"ListItem","position":2,"name":"Lehren"}]},{"@type":"WebSite","@id":"https:\/\/agneskovecs.com\/#website","url":"https:\/\/agneskovecs.com\/","name":"\u00c1gnes K\u00f6vecs - Official Website","description":"\u00c1gnes K\u00f6vecs - Pianistin","potentialAction":[{"@type":"SearchAction","target":{"@type":"EntryPoint","urlTemplate":"https:\/\/agneskovecs.com\/?s={search_term_string}"},"query-input":"required name=search_term_string"}],"inLanguage":"de"}]}},"_links":{"self":[{"href":"https:\/\/agneskovecs.com\/de\/wp-json\/wp\/v2\/pages\/672","targetHints":{"allow":["GET"]}}],"collection":[{"href":"https:\/\/agneskovecs.com\/de\/wp-json\/wp\/v2\/pages"}],"about":[{"href":"https:\/\/agneskovecs.com\/de\/wp-json\/wp\/v2\/types\/page"}],"author":[{"embeddable":true,"href":"https:\/\/agneskovecs.com\/de\/wp-json\/wp\/v2\/users\/1"}],"replies":[{"embeddable":true,"href":"https:\/\/agneskovecs.com\/de\/wp-json\/wp\/v2\/comments?post=672"}],"version-history":[{"count":0,"href":"https:\/\/agneskovecs.com\/de\/wp-json\/wp\/v2\/pages\/672\/revisions"}],"wp:attachment":[{"href":"https:\/\/agneskovecs.com\/de\/wp-json\/wp\/v2\/media?parent=672"}],"curies":[{"name":"wp","href":"https:\/\/api.w.org\/{rel}","templated":true}]}}