{"id":667,"date":"2019-11-08T13:37:02","date_gmt":"2019-11-08T13:37:02","guid":{"rendered":"https:\/\/agneskovecs.com\/media\/"},"modified":"2022-11-27T19:33:53","modified_gmt":"2022-11-27T19:33:53","slug":"medien","status":"publish","type":"page","link":"https:\/\/agneskovecs.com\/de\/medien\/","title":{"rendered":"Medien"},"content":{"rendered":"<p>[et_pb_section fb_built=&#8220;1&#8243; _builder_version=&#8220;4.16&#8243; background_color=&#8220;#FADBAF&#8220; global_colors_info=&#8220;{}&#8220;][et_pb_row _builder_version=&#8220;4.16&#8243; custom_padding=&#8220;0px||50px||false|false&#8220; global_colors_info=&#8220;{}&#8220;][et_pb_column type=&#8220;4_4&#8243; _builder_version=&#8220;4.16&#8243; global_colors_info=&#8220;{}&#8220;][et_pb_text _builder_version=&#8220;4.16&#8243; header_font_size=&#8220;35px&#8220; global_colors_info=&#8220;{}&#8220;]<\/p>\n<h1 style=\"text-align: center;\">MEDIEN<\/h1>\n<p>[\/et_pb_text][\/et_pb_column][\/et_pb_row][et_pb_row column_structure=&#8220;1_2,1_2&#8243; _builder_version=&#8220;4.16&#8243; custom_padding=&#8220;0px||25px||false|false&#8220; global_colors_info=&#8220;{}&#8220;][et_pb_column type=&#8220;1_2&#8243; _builder_version=&#8220;4.16&#8243; animation_style=&#8220;slide&#8220; animation_direction=&#8220;left&#8220; global_colors_info=&#8220;{}&#8220;][et_pb_text _builder_version=&#8220;4.19.1&#8243; hover_enabled=&#8220;0&#8243; global_colors_info=&#8220;{}&#8220; sticky_enabled=&#8220;0&#8243;]<\/p>\n<p style=\"text-align: center;\">\n<p style=\"text-align: center;\">F. Liszt: Funerailles &amp; J.S. Bach: Sinfonie in F-minor<\/p>\n<p><iframe loading=\"lazy\" title=\"F. Liszt: Funerailles &amp; J.S. Bach: Sinfonie in F-minor (BWV 795)\" width=\"1080\" height=\"608\" src=\"https:\/\/www.youtube.com\/embed\/YfbGFeRr2os?feature=oembed\"  allow=\"accelerometer; autoplay; clipboard-write; encrypted-media; gyroscope; picture-in-picture\" allowfullscreen><\/iframe><\/p>\n<p>[\/et_pb_text][\/et_pb_column][et_pb_column type=&#8220;1_2&#8243; _builder_version=&#8220;4.16&#8243; animation_style=&#8220;slide&#8220; animation_direction=&#8220;right&#8220; global_colors_info=&#8220;{}&#8220;][et_pb_text _builder_version=&#8220;4.19.1&#8243; custom_padding=&#8220;||31px|||&#8220; hover_enabled=&#8220;0&#8243; global_colors_info=&#8220;{}&#8220; sticky_enabled=&#8220;0&#8243;]<\/p>\n<p style=\"text-align: center;\">\n<p style=\"text-align: center;\">F. Chopin: Nocturne in C sharp minor op.posth.<\/p>\n<p><iframe loading=\"lazy\" title=\"F. Chopin: Nocturne in C sharp minor op.posth.\" width=\"1080\" height=\"608\" src=\"https:\/\/www.youtube.com\/embed\/uSpHgQc_ogo?feature=oembed\"  allow=\"accelerometer; autoplay; clipboard-write; encrypted-media; gyroscope; picture-in-picture\" allowfullscreen><\/iframe><\/p>\n<p>[\/et_pb_text][\/et_pb_column][\/et_pb_row][et_pb_row column_structure=&#8220;1_2,1_2&#8243; _builder_version=&#8220;4.16&#8243; custom_padding=&#8220;0px||25px||false|false&#8220; global_colors_info=&#8220;{}&#8220;][et_pb_column type=&#8220;1_2&#8243; _builder_version=&#8220;4.16&#8243; animation_style=&#8220;slide&#8220; animation_direction=&#8220;left&#8220; global_colors_info=&#8220;{}&#8220;][et_pb_text _builder_version=&#8220;4.19.1&#8243; hover_enabled=&#8220;0&#8243; global_colors_info=&#8220;{}&#8220; sticky_enabled=&#8220;0&#8243;]<\/p>\n<p style=\"text-align: center;\">\n<p style=\"text-align: center;\">F. Chopin: Nocturne no.19 in E minor op.posth 72\/1<\/p>\n<p><iframe loading=\"lazy\" title=\"F. Chopin: Nocturne no.19 in E minor op.posth 72\/1\" width=\"1080\" height=\"608\" src=\"https:\/\/www.youtube.com\/embed\/mayAZcf0MO8?feature=oembed\"  allow=\"accelerometer; autoplay; clipboard-write; encrypted-media; gyroscope; picture-in-picture\" allowfullscreen><\/iframe><\/p>\n<p>[\/et_pb_text][\/et_pb_column][et_pb_column type=&#8220;1_2&#8243; _builder_version=&#8220;4.16&#8243; animation_style=&#8220;slide&#8220; animation_direction=&#8220;right&#8220; global_colors_info=&#8220;{}&#8220;][et_pb_text _builder_version=&#8220;4.19.1&#8243; custom_padding=&#8220;||31px|||&#8220; hover_enabled=&#8220;0&#8243; global_colors_info=&#8220;{}&#8220; sticky_enabled=&#8220;0&#8243;]<\/p>\n<p style=\"text-align: center;\">\n<p style=\"text-align: center;\">F. Chopin: \u00c9tude op.10 nr.12 in C minor &#8222;Revolutionary&#8220;<\/p>\n<p><iframe loading=\"lazy\" title=\"F. Chopin: \u00c9tude op.10 nr.12 in C minor &quot;Revolutionary&quot;\" width=\"1080\" height=\"608\" src=\"https:\/\/www.youtube.com\/embed\/AOyHOdC-9iU?feature=oembed\"  allow=\"accelerometer; autoplay; clipboard-write; encrypted-media; gyroscope; picture-in-picture\" allowfullscreen><\/iframe><\/p>\n<p>[\/et_pb_text][\/et_pb_column][\/et_pb_row][et_pb_row column_structure=&#8220;1_2,1_2&#8243; _builder_version=&#8220;4.16&#8243; custom_padding=&#8220;0px||25px||false|false&#8220; global_colors_info=&#8220;{}&#8220;][et_pb_column type=&#8220;1_2&#8243; _builder_version=&#8220;4.16&#8243; animation_style=&#8220;slide&#8220; animation_direction=&#8220;left&#8220; global_colors_info=&#8220;{}&#8220;][et_pb_text _builder_version=&#8220;4.18.0&#8243; global_colors_info=&#8220;{}&#8220;]<\/p>\n<p class=\"title style-scope ytd-video-primary-info-renderer\" style=\"text-align: center;\">\n<p style=\"text-align: center;\">F. Liszt: Fun\u00e9railles (1849 October)<\/p>\n<p><iframe loading=\"lazy\" title=\"F. Liszt: Fun\u00e9railles (1849 October)\" width=\"1080\" height=\"608\" src=\"https:\/\/www.youtube.com\/embed\/kZfFbc72EXk?feature=oembed\"  allow=\"accelerometer; autoplay; clipboard-write; encrypted-media; gyroscope; picture-in-picture\" allowfullscreen><\/iframe><\/p>\n<div id=\"info\" class=\"style-scope ytd-video-primary-info-renderer\" style=\"text-align: center;\"><\/div>\n<p>[\/et_pb_text][\/et_pb_column][et_pb_column type=&#8220;1_2&#8243; _builder_version=&#8220;4.16&#8243; animation_style=&#8220;slide&#8220; animation_direction=&#8220;right&#8220; global_colors_info=&#8220;{}&#8220;][et_pb_text _builder_version=&#8220;4.18.0&#8243; custom_padding=&#8220;||31px|||&#8220; global_colors_info=&#8220;{}&#8220;]<\/p>\n<p class=\"title style-scope ytd-video-primary-info-renderer\" style=\"text-align: center;\">\n<p style=\"text-align: center;\">F. Chopin: \u00c9tude op.10 nr.12 in C minor &#8222;Revolutionary&#8220;<\/p>\n<p><iframe loading=\"lazy\" title=\"F. Chopin: \u00c9tude op.10 nr.12 in C minor &quot;Revolutionary&quot;\" width=\"1080\" height=\"608\" src=\"https:\/\/www.youtube.com\/embed\/RtboQtRHYnU?feature=oembed\"  allow=\"accelerometer; autoplay; clipboard-write; encrypted-media; gyroscope; picture-in-picture\" allowfullscreen><\/iframe><\/p>\n<p>[\/et_pb_text][\/et_pb_column][\/et_pb_row][et_pb_row column_structure=&#8220;1_2,1_2&#8243; _builder_version=&#8220;4.16&#8243; custom_padding=&#8220;0px||25px||false|false&#8220; global_colors_info=&#8220;{}&#8220;][et_pb_column type=&#8220;1_2&#8243; _builder_version=&#8220;4.16&#8243; animation_style=&#8220;slide&#8220; animation_direction=&#8220;left&#8220; global_colors_info=&#8220;{}&#8220;][et_pb_text _builder_version=&#8220;4.16&#8243; global_colors_info=&#8220;{}&#8220;]<\/p>\n<p class=\"title style-scope ytd-video-primary-info-renderer\" style=\"text-align: center;\"><yt-formatted-string force-default-style=\"\" class=\"style-scope ytd-video-primary-info-renderer\">J.S.Bach: Das Wohltemperierte Klavier II. gis-moll BWV 887<\/yt-formatted-string><\/p>\n<p><iframe loading=\"lazy\" title=\"J.S.Bach: Das Wohltemperierte Klavier II. gis-moll BWV 887\" width=\"1080\" height=\"608\" src=\"https:\/\/www.youtube.com\/embed\/SQ61Bq0Ndz0?feature=oembed\" frameborder=\"0\" allow=\"accelerometer; autoplay; encrypted-media; gyroscope; picture-in-picture\" allowfullscreen><\/iframe><\/p>\n<div id=\"info\" class=\"style-scope ytd-video-primary-info-renderer\"><\/div>\n<p>[\/et_pb_text][\/et_pb_column][et_pb_column type=&#8220;1_2&#8243; _builder_version=&#8220;4.16&#8243; animation_style=&#8220;slide&#8220; animation_direction=&#8220;right&#8220; global_colors_info=&#8220;{}&#8220;][et_pb_text _builder_version=&#8220;4.18.0&#8243; custom_padding=&#8220;||31px|||&#8220; global_colors_info=&#8220;{}&#8220;]<\/p>\n<p class=\"title style-scope ytd-video-primary-info-renderer\" style=\"text-align: center;\">\u00c1gnes K\u00f6vecs plays Strauss-Cziffra: Tritsch-tratsch Polka<\/p>\n<p><iframe loading=\"lazy\" title=\"\u00c1gnes K\u00f6vecs plays Strauss-Cziffra: Tritsch-tratsch Polka\" width=\"1080\" height=\"608\" src=\"https:\/\/www.youtube.com\/embed\/6Ub1F3rHosY?feature=oembed\" frameborder=\"0\" allow=\"accelerometer; autoplay; encrypted-media; gyroscope; picture-in-picture\" allowfullscreen><\/iframe><\/p>\n<p>[\/et_pb_text][\/et_pb_column][\/et_pb_row][et_pb_row column_structure=&#8220;1_2,1_2&#8243; _builder_version=&#8220;4.16&#8243; custom_padding=&#8220;25px||25px||false|false&#8220; global_colors_info=&#8220;{}&#8220;][et_pb_column type=&#8220;1_2&#8243; _builder_version=&#8220;4.16&#8243; animation_style=&#8220;slide&#8220; animation_direction=&#8220;left&#8220; global_colors_info=&#8220;{}&#8220;][et_pb_text _builder_version=&#8220;4.16&#8243; global_colors_info=&#8220;{}&#8220;]<\/p>\n<p class=\"title style-scope ytd-video-primary-info-renderer\" style=\"text-align: center;\">\n<p style=\"text-align: center;\">F. Vecsey-G. Cziffra: La Valse Triste transcription Piano: \u00c1gnes K\u00f6vecs<\/p>\n<p><iframe loading=\"lazy\" title=\"F. Vecsey-G. Cziffra: La Valse Triste transcription Piano: \u00c1gnes K\u00f6vecs\" width=\"1080\" height=\"608\" src=\"https:\/\/www.youtube.com\/embed\/LzpReExB6uc?feature=oembed\" frameborder=\"0\" allow=\"accelerometer; autoplay; encrypted-media; gyroscope; picture-in-picture\" allowfullscreen><\/iframe><\/p>\n<div id=\"info\" class=\"style-scope ytd-video-primary-info-renderer\"><\/div>\n<p>[\/et_pb_text][\/et_pb_column][et_pb_column type=&#8220;1_2&#8243; _builder_version=&#8220;4.16&#8243; animation_style=&#8220;slide&#8220; animation_direction=&#8220;right&#8220; global_colors_info=&#8220;{}&#8220;][et_pb_text _builder_version=&#8220;4.16&#8243; global_colors_info=&#8220;{}&#8220;]<\/p>\n<p class=\"title style-scope ytd-video-primary-info-renderer\" style=\"text-align: center;\">\n<p style=\"text-align: center;\">\u00c1gnes K\u00f6vecs plays Schubert Impromptu No 3 in G Flat Major Op 90<\/p>\n<p><iframe loading=\"lazy\" title=\"\u00c1gnes K\u00f6vecs plays Schubert Impromptu No  3 in G Flat Major Op 90\" width=\"1080\" height=\"608\" src=\"https:\/\/www.youtube.com\/embed\/NkePpOL8nsM?feature=oembed\" frameborder=\"0\" allow=\"accelerometer; autoplay; encrypted-media; gyroscope; picture-in-picture\" allowfullscreen><\/iframe><\/p>\n<div id=\"info\" class=\"style-scope ytd-video-primary-info-renderer\"><\/div>\n<p>[\/et_pb_text][\/et_pb_column][\/et_pb_row][et_pb_row column_structure=&#8220;1_2,1_2&#8243; _builder_version=&#8220;4.16&#8243; custom_padding=&#8220;25px||25px||false|false&#8220; global_colors_info=&#8220;{}&#8220;][et_pb_column type=&#8220;1_2&#8243; _builder_version=&#8220;4.16&#8243; animation_style=&#8220;slide&#8220; animation_direction=&#8220;left&#8220; global_colors_info=&#8220;{}&#8220;][et_pb_text _builder_version=&#8220;4.16&#8243; global_colors_info=&#8220;{}&#8220;]<\/p>\n<p class=\"title style-scope ytd-video-primary-info-renderer\" style=\"text-align: center;\">\n<p style=\"text-align: center;\">\n<p style=\"text-align: center;\">F. Liszt: Transcendental Etude f minor No. 10 Piano: \u00c1gnes K\u00f6vecs<\/p>\n<p><iframe loading=\"lazy\" title=\"F. Liszt: Transcendental Etude f minor No. 10 Piano: \u00c1gnes K\u00f6vecs\" width=\"1080\" height=\"608\" src=\"https:\/\/www.youtube.com\/embed\/8GxidzS62mk?feature=oembed\" frameborder=\"0\" allow=\"accelerometer; autoplay; encrypted-media; gyroscope; picture-in-picture\" allowfullscreen><\/iframe><\/p>\n<div id=\"info\" class=\"style-scope ytd-video-primary-info-renderer\"><\/div>\n<p>[\/et_pb_text][\/et_pb_column][et_pb_column type=&#8220;1_2&#8243; _builder_version=&#8220;4.16&#8243; animation_style=&#8220;slide&#8220; animation_direction=&#8220;right&#8220; global_colors_info=&#8220;{}&#8220;][et_pb_text _builder_version=&#8220;4.16&#8243; global_colors_info=&#8220;{}&#8220;]<\/p>\n<p class=\"title style-scope ytd-video-primary-info-renderer\" style=\"text-align: center;\">\n<p style=\"text-align: center;\">\n<p style=\"text-align: center;\">F. Chopin: Etude in A minor Op. 25 No. 11 Piano: \u00c1gnes K\u00f6vecs<\/p>\n<p><iframe loading=\"lazy\" title=\"F. Chopin: Etude in A minor Op. 25 No. 11 Piano: \u00c1gnes K\u00f6vecs\" width=\"1080\" height=\"810\" src=\"https:\/\/www.youtube.com\/embed\/vbl7IIDSlE0?feature=oembed\" frameborder=\"0\" allow=\"accelerometer; autoplay; encrypted-media; gyroscope; picture-in-picture\" allowfullscreen><\/iframe><\/p>\n<p>&nbsp;<\/p>\n<div id=\"info\" class=\"style-scope ytd-video-primary-info-renderer\"><\/div>\n<p>[\/et_pb_text][\/et_pb_column][\/et_pb_row][et_pb_row column_structure=&#8220;1_2,1_2&#8243; _builder_version=&#8220;4.16&#8243; custom_padding=&#8220;25px||0px||false|false&#8220; global_colors_info=&#8220;{}&#8220;][et_pb_column type=&#8220;1_2&#8243; _builder_version=&#8220;4.16&#8243; animation_style=&#8220;slide&#8220; animation_direction=&#8220;left&#8220; global_colors_info=&#8220;{}&#8220;][et_pb_text _builder_version=&#8220;4.16&#8243; global_colors_info=&#8220;{}&#8220;]<\/p>\n<p style=\"text-align: center;\">J. Strauss &#8211; Gy. Cziffra: Tritsch-tratsch Polka Piano: \u00c1gnes K\u00f6vecs<\/p>\n<p><iframe loading=\"lazy\" title=\"J. Strauss - Gy. Cziffra: Tritsch-tratsch Polka Piano: \u00c1gnes K\u00f6vecs\" width=\"1080\" height=\"608\" src=\"https:\/\/www.youtube.com\/embed\/4h47u8E6EIs?feature=oembed\" frameborder=\"0\" allow=\"accelerometer; autoplay; encrypted-media; gyroscope; picture-in-picture\" allowfullscreen><\/iframe><\/p>\n<p>[\/et_pb_text][\/et_pb_column][et_pb_column type=&#8220;1_2&#8243; _builder_version=&#8220;4.16&#8243; animation_style=&#8220;slide&#8220; animation_direction=&#8220;right&#8220; global_colors_info=&#8220;{}&#8220;][et_pb_text _builder_version=&#8220;4.16&#8243; global_colors_info=&#8220;{}&#8220;]<\/p>\n<p style=\"text-align: center;\">L.van Beethoven: Pathetique Sonata No. 8 Op. 13 Piano: \u00c1gnes K\u00f6vecs<\/p>\n<p><iframe loading=\"lazy\" title=\"L.van Beethoven: Pathetique Sonata No. 8 Op. 13 Piano: \u00c1gnes K\u00f6vecs\" width=\"1080\" height=\"608\" src=\"https:\/\/www.youtube.com\/embed\/e1ItU7hSbT8?feature=oembed\" frameborder=\"0\" allow=\"accelerometer; autoplay; encrypted-media; gyroscope; picture-in-picture\" allowfullscreen><\/iframe><\/p>\n<p>&nbsp;<\/p>\n<p>[\/et_pb_text][\/et_pb_column][\/et_pb_row][et_pb_row column_structure=&#8220;1_2,1_2&#8243; _builder_version=&#8220;4.16&#8243; custom_padding=&#8220;0px||25px||false|false&#8220; global_colors_info=&#8220;{}&#8220;][et_pb_column type=&#8220;1_2&#8243; _builder_version=&#8220;4.16&#8243; animation_style=&#8220;slide&#8220; animation_direction=&#8220;left&#8220; global_colors_info=&#8220;{}&#8220;][et_pb_text _builder_version=&#8220;4.18.0&#8243; global_colors_info=&#8220;{}&#8220;]<\/p>\n<p style=\"text-align: center;\">F. Chopin: 24 Pr\u00e9ludes op.28<\/p>\n<p><iframe loading=\"lazy\" title=\"Chopin 24 Pr\u00e9ludes op.28  Piano: \u00c1gnes K\u00f6vecs\" width=\"1080\" height=\"608\" src=\"https:\/\/www.youtube.com\/embed\/FYllWi_Z1eQ?feature=oembed\"  allow=\"accelerometer; autoplay; clipboard-write; encrypted-media; gyroscope; picture-in-picture\" allowfullscreen><\/iframe><\/p>\n<div id=\"info\" class=\"style-scope ytd-video-primary-info-renderer\" style=\"text-align: center;\"><\/div>\n<p>[\/et_pb_text][\/et_pb_column][et_pb_column type=&#8220;1_2&#8243; _builder_version=&#8220;4.16&#8243; animation_style=&#8220;slide&#8220; animation_direction=&#8220;right&#8220; global_colors_info=&#8220;{}&#8220;][\/et_pb_column][\/et_pb_row][\/et_pb_section]<\/p>\n","protected":false},"excerpt":{"rendered":"<p>MEDIEN F. Liszt: Funerailles &amp; J.S. Bach: Sinfonie in F-minor https:\/\/www.youtube.com\/watch?v=YfbGFeRr2os F. Chopin: Nocturne in C sharp minor op.posth. https:\/\/www.youtube.com\/watch?v=uSpHgQc_ogo F. Chopin: Nocturne no.19 in E minor op.posth 72\/1 https:\/\/www.youtube.com\/watch?v=mayAZcf0MO8 F. Chopin: \u00c9tude op.10 nr.12 in C minor &#8222;Revolutionary&#8220; https:\/\/www.youtube.com\/watch?v=AOyHOdC-9iU F. Liszt: Fun\u00e9railles (1849 October) https:\/\/www.youtube.com\/watch?v=kZfFbc72EXk F. Chopin: \u00c9tude op.10 nr.12 in C minor &#8222;Revolutionary&#8220; [&hellip;]<\/p>\n","protected":false},"author":1,"featured_media":0,"parent":0,"menu_order":0,"comment_status":"closed","ping_status":"closed","template":"","meta":{"_et_pb_use_builder":"on","_et_pb_old_content":"<!-- wp:divi\/placeholder \/-->","_et_gb_content_width":"","footnotes":""},"class_list":["post-667","page","type-page","status-publish","hentry"],"yoast_head":"<!-- This site is optimized with the Yoast SEO plugin v19.10 - https:\/\/yoast.com\/wordpress\/plugins\/seo\/ -->\n<title>Medien - \u00c1gnes K\u00f6vecs - Official Website<\/title>\n<meta name=\"robots\" content=\"index, follow, max-snippet:-1, max-image-preview:large, max-video-preview:-1\" \/>\n<link rel=\"canonical\" href=\"https:\/\/agneskovecs.com\/de\/medien\/\" \/>\n<meta property=\"og:locale\" content=\"de_DE\" \/>\n<meta property=\"og:type\" content=\"article\" \/>\n<meta property=\"og:title\" content=\"Medien - \u00c1gnes K\u00f6vecs - Official Website\" \/>\n<meta property=\"og:description\" content=\"MEDIEN F. Liszt: Funerailles &amp; J.S. Bach: Sinfonie in F-minor https:\/\/www.youtube.com\/watch?v=YfbGFeRr2os F. Chopin: Nocturne in C sharp minor op.posth. https:\/\/www.youtube.com\/watch?v=uSpHgQc_ogo F. Chopin: Nocturne no.19 in E minor op.posth 72\/1 https:\/\/www.youtube.com\/watch?v=mayAZcf0MO8 F. Chopin: \u00c9tude op.10 nr.12 in C minor &quot;Revolutionary&quot; https:\/\/www.youtube.com\/watch?v=AOyHOdC-9iU F. Liszt: Fun\u00e9railles (1849 October) https:\/\/www.youtube.com\/watch?v=kZfFbc72EXk F. Chopin: \u00c9tude op.10 nr.12 in C minor &quot;Revolutionary&quot; [&hellip;]\" \/>\n<meta property=\"og:url\" content=\"https:\/\/agneskovecs.com\/de\/medien\/\" \/>\n<meta property=\"og:site_name\" content=\"\u00c1gnes K\u00f6vecs - Official Website\" \/>\n<meta property=\"article:modified_time\" content=\"2022-11-27T19:33:53+00:00\" \/>\n<meta name=\"twitter:card\" content=\"summary_large_image\" \/>\n<meta name=\"twitter:label1\" content=\"Gesch\u00e4tzte Lesezeit\" \/>\n\t<meta name=\"twitter:data1\" content=\"5\u00a0Minuten\" \/>\n<script type=\"application\/ld+json\" class=\"yoast-schema-graph\">{\"@context\":\"https:\/\/schema.org\",\"@graph\":[{\"@type\":\"WebPage\",\"@id\":\"https:\/\/agneskovecs.com\/de\/medien\/\",\"url\":\"https:\/\/agneskovecs.com\/de\/medien\/\",\"name\":\"Medien - \u00c1gnes K\u00f6vecs - Official Website\",\"isPartOf\":{\"@id\":\"https:\/\/agneskovecs.com\/#website\"},\"datePublished\":\"2019-11-08T13:37:02+00:00\",\"dateModified\":\"2022-11-27T19:33:53+00:00\",\"breadcrumb\":{\"@id\":\"https:\/\/agneskovecs.com\/de\/medien\/#breadcrumb\"},\"inLanguage\":\"de\",\"potentialAction\":[{\"@type\":\"ReadAction\",\"target\":[\"https:\/\/agneskovecs.com\/de\/medien\/\"]}]},{\"@type\":\"BreadcrumbList\",\"@id\":\"https:\/\/agneskovecs.com\/de\/medien\/#breadcrumb\",\"itemListElement\":[{\"@type\":\"ListItem\",\"position\":1,\"name\":\"Home\",\"item\":\"https:\/\/agneskovecs.com\/de\/\"},{\"@type\":\"ListItem\",\"position\":2,\"name\":\"Medien\"}]},{\"@type\":\"WebSite\",\"@id\":\"https:\/\/agneskovecs.com\/#website\",\"url\":\"https:\/\/agneskovecs.com\/\",\"name\":\"\u00c1gnes K\u00f6vecs - Official Website\",\"description\":\"\u00c1gnes K\u00f6vecs - Pianistin\",\"potentialAction\":[{\"@type\":\"SearchAction\",\"target\":{\"@type\":\"EntryPoint\",\"urlTemplate\":\"https:\/\/agneskovecs.com\/?s={search_term_string}\"},\"query-input\":\"required name=search_term_string\"}],\"inLanguage\":\"de\"}]}<\/script>\n<!-- \/ Yoast SEO plugin. -->","yoast_head_json":{"title":"Medien - \u00c1gnes K\u00f6vecs - Official Website","robots":{"index":"index","follow":"follow","max-snippet":"max-snippet:-1","max-image-preview":"max-image-preview:large","max-video-preview":"max-video-preview:-1"},"canonical":"https:\/\/agneskovecs.com\/de\/medien\/","og_locale":"de_DE","og_type":"article","og_title":"Medien - \u00c1gnes K\u00f6vecs - Official Website","og_description":"MEDIEN F. Liszt: Funerailles &amp; J.S. Bach: Sinfonie in F-minor https:\/\/www.youtube.com\/watch?v=YfbGFeRr2os F. Chopin: Nocturne in C sharp minor op.posth. https:\/\/www.youtube.com\/watch?v=uSpHgQc_ogo F. Chopin: Nocturne no.19 in E minor op.posth 72\/1 https:\/\/www.youtube.com\/watch?v=mayAZcf0MO8 F. Chopin: \u00c9tude op.10 nr.12 in C minor \"Revolutionary\" https:\/\/www.youtube.com\/watch?v=AOyHOdC-9iU F. Liszt: Fun\u00e9railles (1849 October) https:\/\/www.youtube.com\/watch?v=kZfFbc72EXk F. Chopin: \u00c9tude op.10 nr.12 in C minor \"Revolutionary\" [&hellip;]","og_url":"https:\/\/agneskovecs.com\/de\/medien\/","og_site_name":"\u00c1gnes K\u00f6vecs - Official Website","article_modified_time":"2022-11-27T19:33:53+00:00","twitter_card":"summary_large_image","twitter_misc":{"Gesch\u00e4tzte Lesezeit":"5\u00a0Minuten"},"schema":{"@context":"https:\/\/schema.org","@graph":[{"@type":"WebPage","@id":"https:\/\/agneskovecs.com\/de\/medien\/","url":"https:\/\/agneskovecs.com\/de\/medien\/","name":"Medien - \u00c1gnes K\u00f6vecs - Official Website","isPartOf":{"@id":"https:\/\/agneskovecs.com\/#website"},"datePublished":"2019-11-08T13:37:02+00:00","dateModified":"2022-11-27T19:33:53+00:00","breadcrumb":{"@id":"https:\/\/agneskovecs.com\/de\/medien\/#breadcrumb"},"inLanguage":"de","potentialAction":[{"@type":"ReadAction","target":["https:\/\/agneskovecs.com\/de\/medien\/"]}]},{"@type":"BreadcrumbList","@id":"https:\/\/agneskovecs.com\/de\/medien\/#breadcrumb","itemListElement":[{"@type":"ListItem","position":1,"name":"Home","item":"https:\/\/agneskovecs.com\/de\/"},{"@type":"ListItem","position":2,"name":"Medien"}]},{"@type":"WebSite","@id":"https:\/\/agneskovecs.com\/#website","url":"https:\/\/agneskovecs.com\/","name":"\u00c1gnes K\u00f6vecs - Official Website","description":"\u00c1gnes K\u00f6vecs - Pianistin","potentialAction":[{"@type":"SearchAction","target":{"@type":"EntryPoint","urlTemplate":"https:\/\/agneskovecs.com\/?s={search_term_string}"},"query-input":"required name=search_term_string"}],"inLanguage":"de"}]}},"_links":{"self":[{"href":"https:\/\/agneskovecs.com\/de\/wp-json\/wp\/v2\/pages\/667","targetHints":{"allow":["GET"]}}],"collection":[{"href":"https:\/\/agneskovecs.com\/de\/wp-json\/wp\/v2\/pages"}],"about":[{"href":"https:\/\/agneskovecs.com\/de\/wp-json\/wp\/v2\/types\/page"}],"author":[{"embeddable":true,"href":"https:\/\/agneskovecs.com\/de\/wp-json\/wp\/v2\/users\/1"}],"replies":[{"embeddable":true,"href":"https:\/\/agneskovecs.com\/de\/wp-json\/wp\/v2\/comments?post=667"}],"version-history":[{"count":0,"href":"https:\/\/agneskovecs.com\/de\/wp-json\/wp\/v2\/pages\/667\/revisions"}],"wp:attachment":[{"href":"https:\/\/agneskovecs.com\/de\/wp-json\/wp\/v2\/media?parent=667"}],"curies":[{"name":"wp","href":"https:\/\/api.w.org\/{rel}","templated":true}]}}